{"id":96,"date":"2025-06-20T19:38:43","date_gmt":"2025-06-20T19:38:43","guid":{"rendered":"https:\/\/flytunisia.at\/?page_id=96"},"modified":"2025-06-22T11:10:33","modified_gmt":"2025-06-22T11:10:33","slug":"munich","status":"publish","type":"page","link":"https:\/\/flytunisia.at\/?page_id=96","title":{"rendered":"Munich Airport"},"content":{"rendered":"\n<p>Flughafen M\u00fcnchen \u2013 Franz Josef Strau\u00df (MUC)<\/p>\n\n\n\n<p>Der <strong>Flughafen M\u00fcnchen<\/strong> (offizielle Bezeichnung: <em>Flughafen M\u00fcnchen \u2013 Franz Josef Strau\u00df<\/em>, IATA-Code: <strong>MUC<\/strong>, ICAO-Code: <strong>EDDM<\/strong>) ist der internationale Verkehrsflughafen der bayerischen Landeshauptstadt M\u00fcnchen. Im Jahr <strong>2023<\/strong> z\u00e4hlte er mit rund <strong>37 Millionen Passagieren<\/strong> zu den <strong>zehn verkehrsreichsten Luftfahrt-Drehkreuzen Europas<\/strong>.<\/p>\n\n\n\n<p>Mit seiner Inbetriebnahme im Jahr <strong>1992<\/strong> l\u00f6ste der Flughafen den fr\u00fcheren Flughafen <strong>M\u00fcnchen-Riem<\/strong> ab.<\/p>\n\n\n\n<h3 class=\"wp-block-heading\">Bedeutung als Drehkreuz<\/h3>\n\n\n\n<p>Der Flughafen M\u00fcnchen ist insbesondere f\u00fcr die <strong>Lufthansa<\/strong> und ihre Partner innerhalb der <strong>Star Alliance<\/strong> ein zentraler europ\u00e4ischer Hub.<\/p>\n\n\n\n<p>Info Flughafen:<\/p>\n\n\n\n<p>Adresse: Nordallee 25, 85356 M\u00fcnchen-Flughafen, Deutschland<\/p>\n\n\n\n<p><\/p>\n\n\n\n<p><strong>Telefon:\u00a0<\/strong><a href=\"https:\/\/www.google.com\/search?sca_esv=66ed4dad37329696&amp;sxsrf=AE3TifMRUJwKOn-nmYKGH6QKCuvUcBPHOA:1750590228929&amp;q=flughafen+m%C3%BCnchen&amp;source=lnms&amp;fbs=AIIjpHw2KGh6wpocn18KLjPMw8n5Yp8-1M0n6BD6JoVBP_K3fU4shbY3Piq8RVltTvCttWAlPIh8z_0aWPOdug8eywTPQyp8-5EmrRvMAkjyJhVg5_dnZLmKLEfeGkkt42nJn3PpkHbj4dCFJy_5gHU1QGKMxMpnNVfrMLpukZEP0uXSYXrb4HB_Te2kUdVsTRNO6JQRDpR2kZaM5h19TxhlQHrlzdgXhA&amp;sa=X&amp;ved=2ahUKEwjlkfjl8ISOAxXOSfEDHZKOBBIQ0pQJKAB6BAgUEAE&amp;biw=1920&amp;bih=1073&amp;dpr=1#\">+49 89 97500<\/a><\/p>\n\n\n\n<p><a href=\"https:\/\/www.munich-airport.de\/\" data-type=\"link\" data-id=\"https:\/\/www.munich-airport.de\/\">Munich Airport Germany<\/a><\/p>\n\n\n\n<figure class=\"wp-block-image size-full is-resized\"><img loading=\"lazy\" decoding=\"async\" width=\"606\" height=\"341\" src=\"https:\/\/flytunisia.at\/wp-content\/uploads\/2025\/06\/muenchen.jpg\" alt=\"\" class=\"wp-image-191\" style=\"width:698px;height:auto\" srcset=\"https:\/\/flytunisia.at\/wp-content\/uploads\/2025\/06\/muenchen.jpg 606w, https:\/\/flytunisia.at\/wp-content\/uploads\/2025\/06\/muenchen-300x169.jpg 300w\" sizes=\"(max-width: 606px) 100vw, 606px\" \/><\/figure>\n","protected":false},"excerpt":{"rendered":"<p>Flughafen M\u00fcnchen \u2013 Franz Josef Strau\u00df (MUC) Der Flughafen M\u00fcnchen (offizielle Bezeichnung: Flughafen M\u00fcnchen \u2013 Franz Josef Strau\u00df, IATA-Code: MUC, ICAO-Code: EDDM) ist der internationale Verkehrsflughafen der bayerischen Landeshauptstadt M\u00fcnchen. Im Jahr 2023 z\u00e4hlte er mit rund 37 Millionen Passagieren zu den zehn verkehrsreichsten Luftfahrt-Drehkreuzen Europas. Mit seiner Inbetriebnahme im Jahr 1992 l\u00f6ste der Flughafen [&hellip;]<\/p>\n","protected":false},"author":1,"featured_media":0,"parent":0,"menu_order":0,"comment_status":"closed","ping_status":"closed","template":"","meta":{"saved_in_kubio":false,"footnotes":""},"class_list":["post-96","page","type-page","status-publish","hentry"],"kubio_ai_page_context":{"short_desc":"","purpose":"general"},"_links":{"self":[{"href":"https:\/\/flytunisia.at\/index.php?rest_route=\/wp\/v2\/pages\/96","targetHints":{"allow":["GET"]}}],"collection":[{"href":"https:\/\/flytunisia.at\/index.php?rest_route=\/wp\/v2\/pages"}],"about":[{"href":"https:\/\/flytunisia.at\/index.php?rest_route=\/wp\/v2\/types\/page"}],"author":[{"embeddable":true,"href":"https:\/\/flytunisia.at\/index.php?rest_route=\/wp\/v2\/users\/1"}],"replies":[{"embeddable":true,"href":"https:\/\/flytunisia.at\/index.php?rest_route=%2Fwp%2Fv2%2Fcomments&post=96"}],"version-history":[{"count":3,"href":"https:\/\/flytunisia.at\/index.php?rest_route=\/wp\/v2\/pages\/96\/revisions"}],"predecessor-version":[{"id":192,"href":"https:\/\/flytunisia.at\/index.php?rest_route=\/wp\/v2\/pages\/96\/revisions\/192"}],"wp:attachment":[{"href":"https:\/\/flytunisia.at\/index.php?rest_route=%2Fwp%2Fv2%2Fmedia&parent=96"}],"curies":[{"name":"wp","href":"https:\/\/api.w.org\/{rel}","templated":true}]}}