{"id":94,"date":"2025-06-20T19:38:23","date_gmt":"2025-06-20T19:38:23","guid":{"rendered":"https:\/\/flytunisia.at\/?page_id=94"},"modified":"2025-06-22T11:22:41","modified_gmt":"2025-06-22T11:22:41","slug":"geneve","status":"publish","type":"page","link":"https:\/\/flytunisia.at\/?page_id=94","title":{"rendered":"Geneve Airport"},"content":{"rendered":"\n<h2 class=\"wp-block-heading\">A\u00e9roport International de Gen\u00e8ve (GVA)<\/h2>\n\n\n\n<p>Der <strong>A\u00e9roport International de Gen\u00e8ve<\/strong> (Markenname: <em>Gen\u00e8ve A\u00e9roport<\/em>, fr\u00fcher: <em>A\u00e9roport de Gen\u00e8ve-Cointrin<\/em>; IATA-Code: <strong>GVA<\/strong>, ICAO-Code: <strong>LSGG<\/strong>) ist der internationale Flughafen der Stadt <strong>Genf<\/strong> und der <strong>zweitgr\u00f6\u00dfte Flughafen der Schweiz<\/strong>.<\/p>\n\n\n\n<p>Er liegt auf dem Gebiet der Gemeinde <strong>Le Grand-Saconnex<\/strong> sowie des Ortsteils <strong>Cointrin<\/strong> in der Gemeinde <strong>Meyrin<\/strong>.<\/p>\n\n\n\n<h3 class=\"wp-block-heading\">Bedeutung und Fluggesellschaften<\/h3>\n\n\n\n<p>Zu den wichtigsten Fluggesellschaften am Standort z\u00e4hlen:<\/p>\n\n\n\n<ul class=\"wp-block-list\">\n<li>die <strong>Billigfluggesellschaft EasyJet<\/strong>, die hier ein bedeutendes Drehkreuz betreibt<\/li>\n\n\n\n<li>die nationale Schweizer Fluggesellschaft <strong>SWISS<\/strong><\/li>\n<\/ul>\n\n\n\n<p>Der Flughafen profitiert stark von der Pr\u00e4senz zahlreicher internationaler Organisationen in Genf, darunter:<\/p>\n\n\n\n<ul class=\"wp-block-list\">\n<li>die <strong>Vereinten Nationen (UNO)<\/strong><\/li>\n\n\n\n<li>die <strong>Internationale Rotkreuz- und Rothalbmond-Bewegung<\/strong><\/li>\n<\/ul>\n\n\n\n<p>Zudem ist der Flughafen ein bedeutender Standort f\u00fcr den <strong>VIP- und Gesch\u00e4ftsflugverkehr<\/strong>.<\/p>\n\n\n\n<h3 class=\"wp-block-heading\">Umgebung und Besonderheiten<\/h3>\n\n\n\n<p>Direkt \u00f6stlich an den Flughafen grenzt das <strong>Messegel\u00e4nde Palexpo<\/strong>, in dem unter anderem der bekannte <strong>Genfer Auto-Salon<\/strong> stattfand.<\/p>\n\n\n\n<p>Gemeinsam mit den Flugh\u00e4fen <strong>Z\u00fcrich<\/strong> und <strong>Basel-Mulhouse<\/strong> z\u00e4hlt der Flughafen Genf zu den drei sogenannten <strong>Landesflugh\u00e4fen der Schweiz<\/strong>.<\/p>\n\n\n\n<p>Info Airport <\/p>\n\n\n\n<p><strong><a href=\"https:\/\/www.google.com\/search?sa=X&amp;sca_esv=70c4004f48b74267&amp;biw=1920&amp;bih=1073&amp;sxsrf=AE3TifPY0hh7Ik-o3AR6B7gPMuidjS7HRw:1750590909767&amp;q=flughafen+genf+adresse&amp;ludocid=16506160967457482288&amp;ved=2ahUKEwjQmsuq84SOAxUVZ0EAHR-TIVQQ6BN6BAhTEAI\">Adresse<\/a>:\u00a0<\/strong> Rte de l&#8217;A\u00e9roport 21, 1215 Gen\u00e8ve 15 A\u00e9roport, Schweiz<\/p>\n\n\n\n<p><strong><a href=\"https:\/\/www.google.com\/search?sa=X&amp;sca_esv=70c4004f48b74267&amp;biw=1920&amp;bih=1073&amp;sxsrf=AE3TifPY0hh7Ik-o3AR6B7gPMuidjS7HRw:1750590909767&amp;q=flughafen+genf+telefon&amp;ludocid=16506160967457482288&amp;ved=2ahUKEwjQmsuq84SOAxUVZ0EAHR-TIVQQ6BN6BAhSEAI\">Telefon<\/a>:&nbsp;<\/strong><a href=\"https:\/\/www.google.com\/search?sca_esv=70c4004f48b74267&amp;sxsrf=AE3TifNa7qKA4yNV95kF-RRcuR3FdLUAHA:1750590718313&amp;q=flughafen+genf&amp;source=lnms&amp;fbs=AIIjpHw2KGh6wpocn18KLjPMw8n5Yp8-1M0n6BD6JoVBP_K3fU4shbY3Piq8RVltTvCttWAHBV-AXu22PaoiNTuBv18cx6XCB1EUGXxWCmSlusJ2Z3VBpLvFZtBFdNcCNWBsnZLL8-sbZb6wh6eWzAFEq-jz-lq51puSnivuw-9SPk7r3Hl0KvfAXQ_c-MNL2BpFQmHdIzCYIhIu3sQrqXNy-WB2Gb2SgQ&amp;sa=X&amp;ved=2ahUKEwj566XP8oSOAxXPV0EAHTcBK2IQ0pQJKAB6BAgUEAE&amp;biw=1920&amp;bih=1073&amp;dpr=1#\">+41 848 192 020<\/a><\/p>\n\n\n\n<p><a href=\"https:\/\/www.gva.ch\/de\/\" data-type=\"link\" data-id=\"https:\/\/www.gva.ch\/de\/\">A\u00e9roport International de Gen\u00e8ve<\/a><\/p>\n\n\n\n<figure class=\"wp-block-image size-full\"><img loading=\"lazy\" decoding=\"async\" width=\"700\" height=\"385\" src=\"https:\/\/flytunisia.at\/wp-content\/uploads\/2025\/06\/geneve.jpg\" alt=\"\" class=\"wp-image-195\" srcset=\"https:\/\/flytunisia.at\/wp-content\/uploads\/2025\/06\/geneve.jpg 700w, https:\/\/flytunisia.at\/wp-content\/uploads\/2025\/06\/geneve-300x165.jpg 300w\" sizes=\"(max-width: 700px) 100vw, 700px\" \/><\/figure>\n","protected":false},"excerpt":{"rendered":"<p>A\u00e9roport International de Gen\u00e8ve (GVA) Der A\u00e9roport International de Gen\u00e8ve (Markenname: Gen\u00e8ve A\u00e9roport, fr\u00fcher: A\u00e9roport de Gen\u00e8ve-Cointrin; IATA-Code: GVA, ICAO-Code: LSGG) ist der internationale Flughafen der Stadt Genf und der zweitgr\u00f6\u00dfte Flughafen der Schweiz. Er liegt auf dem Gebiet der Gemeinde Le Grand-Saconnex sowie des Ortsteils Cointrin in der Gemeinde Meyrin. Bedeutung und Fluggesellschaften Zu [&hellip;]<\/p>\n","protected":false},"author":1,"featured_media":0,"parent":0,"menu_order":0,"comment_status":"closed","ping_status":"closed","template":"","meta":{"saved_in_kubio":false,"footnotes":""},"class_list":["post-94","page","type-page","status-publish","hentry"],"kubio_ai_page_context":{"short_desc":"","purpose":"general"},"_links":{"self":[{"href":"https:\/\/flytunisia.at\/index.php?rest_route=\/wp\/v2\/pages\/94","targetHints":{"allow":["GET"]}}],"collection":[{"href":"https:\/\/flytunisia.at\/index.php?rest_route=\/wp\/v2\/pages"}],"about":[{"href":"https:\/\/flytunisia.at\/index.php?rest_route=\/wp\/v2\/types\/page"}],"author":[{"embeddable":true,"href":"https:\/\/flytunisia.at\/index.php?rest_route=\/wp\/v2\/users\/1"}],"replies":[{"embeddable":true,"href":"https:\/\/flytunisia.at\/index.php?rest_route=%2Fwp%2Fv2%2Fcomments&post=94"}],"version-history":[{"count":3,"href":"https:\/\/flytunisia.at\/index.php?rest_route=\/wp\/v2\/pages\/94\/revisions"}],"predecessor-version":[{"id":196,"href":"https:\/\/flytunisia.at\/index.php?rest_route=\/wp\/v2\/pages\/94\/revisions\/196"}],"wp:attachment":[{"href":"https:\/\/flytunisia.at\/index.php?rest_route=%2Fwp%2Fv2%2Fmedia&parent=94"}],"curies":[{"name":"wp","href":"https:\/\/api.w.org\/{rel}","templated":true}]}}