{"id":82,"date":"2025-06-20T19:35:44","date_gmt":"2025-06-20T19:35:44","guid":{"rendered":"https:\/\/flytunisia.at\/?page_id=82"},"modified":"2025-06-25T14:36:41","modified_gmt":"2025-06-25T14:36:41","slug":"visa","status":"publish","type":"page","link":"https:\/\/flytunisia.at\/?page_id=82","title":{"rendered":"Visa"},"content":{"rendered":"\n<h3 class=\"wp-block-heading\">FlyTunisia \u2013 Visa-Service<\/h3>\n\n\n\n<p><strong>Einfach. Schnell. Zuverl\u00e4ssig.<\/strong><\/p>\n\n\n\n<p>Sie m\u00f6chten nach Tunesien reisen und ben\u00f6tigen ein Visum? <strong>FlyTunisia<\/strong> unterst\u00fctzt Sie dabei \u2013 mit einem schnellen und professionellen <strong>Visa-Service<\/strong> in Zusammenarbeit mit der <strong>Tunesischen Botschaft<\/strong> und den zust\u00e4ndigen Beh\u00f6rden.<\/p>\n\n\n\n<p><strong>Unser Service beinhaltet:<\/strong><\/p>\n\n\n\n<ul class=\"wp-block-list\">\n<li>\u2714\ufe0f <strong>Beratung zu Visa-Arten<\/strong> (Tourismus, Familienbesuch, Gesch\u00e4ftsreisen)<\/li>\n\n\n\n<li>\u2714\ufe0f <strong>Unterst\u00fctzung bei der Antragstellung<\/strong><\/li>\n\n\n\n<li>\u2714\ufe0f <strong>\u00dcberpr\u00fcfung und Weiterleitung Ihrer Unterlagen<\/strong><\/li>\n\n\n\n<li>\u2714\ufe0f <strong>Schnelle Bearbeitung durch direkte Kooperation mit der Botschaft<\/strong><\/li>\n\n\n\n<li>\u2714\ufe0f <strong>Optional: Einladungsschreiben &amp; Flugbest\u00e4tigung<\/strong> zur Vorlage bei der Botschaft<\/li>\n<\/ul>\n\n\n\n<p><strong>So funktioniert\u2019s:<\/strong><\/p>\n\n\n\n<ol class=\"wp-block-list\">\n<li>Kontaktieren Sie uns \u00fcber unser Visa-Formular<\/li>\n\n\n\n<li>Wir pr\u00fcfen Ihre Unterlagen und begleiten Sie durch den Prozess<\/li>\n\n\n\n<li>Ihr Visum wird termingerecht bearbeitet \u2013 <strong>ohne Stress<\/strong><\/li>\n<\/ol>\n\n\n\n<p>formular antrag <\/p>\n","protected":false},"excerpt":{"rendered":"<p>FlyTunisia \u2013 Visa-Service Einfach. Schnell. Zuverl\u00e4ssig. Sie m\u00f6chten nach Tunesien reisen und ben\u00f6tigen ein Visum? FlyTunisia unterst\u00fctzt Sie dabei \u2013 mit einem schnellen und professionellen Visa-Service in Zusammenarbeit mit der Tunesischen Botschaft und den zust\u00e4ndigen Beh\u00f6rden. Unser Service beinhaltet: So funktioniert\u2019s: formular antrag<\/p>\n","protected":false},"author":1,"featured_media":0,"parent":0,"menu_order":0,"comment_status":"closed","ping_status":"closed","template":"","meta":{"saved_in_kubio":false,"footnotes":""},"class_list":["post-82","page","type-page","status-publish","hentry"],"kubio_ai_page_context":{"short_desc":"","purpose":"general"},"_links":{"self":[{"href":"https:\/\/flytunisia.at\/index.php?rest_route=\/wp\/v2\/pages\/82","targetHints":{"allow":["GET"]}}],"collection":[{"href":"https:\/\/flytunisia.at\/index.php?rest_route=\/wp\/v2\/pages"}],"about":[{"href":"https:\/\/flytunisia.at\/index.php?rest_route=\/wp\/v2\/types\/page"}],"author":[{"embeddable":true,"href":"https:\/\/flytunisia.at\/index.php?rest_route=\/wp\/v2\/users\/1"}],"replies":[{"embeddable":true,"href":"https:\/\/flytunisia.at\/index.php?rest_route=%2Fwp%2Fv2%2Fcomments&post=82"}],"version-history":[{"count":2,"href":"https:\/\/flytunisia.at\/index.php?rest_route=\/wp\/v2\/pages\/82\/revisions"}],"predecessor-version":[{"id":381,"href":"https:\/\/flytunisia.at\/index.php?rest_route=\/wp\/v2\/pages\/82\/revisions\/381"}],"wp:attachment":[{"href":"https:\/\/flytunisia.at\/index.php?rest_route=%2Fwp%2Fv2%2Fmedia&parent=82"}],"curies":[{"name":"wp","href":"https:\/\/api.w.org\/{rel}","templated":true}]}}