{"id":80,"date":"2025-06-20T19:35:29","date_gmt":"2025-06-20T19:35:29","guid":{"rendered":"https:\/\/flytunisia.at\/?page_id=80"},"modified":"2025-06-25T14:32:51","modified_gmt":"2025-06-25T14:32:51","slug":"handicap","status":"publish","type":"page","link":"https:\/\/flytunisia.at\/?page_id=80","title":{"rendered":"Handicap"},"content":{"rendered":"\n<h3 class=\"wp-block-heading\">FlyTunisia \u2013 Service f\u00fcr Passagiere mit eingeschr\u00e4nkter Mobilit\u00e4t<\/h3>\n\n\n\n<p><strong>Barrierefrei. Freundlich. Mit Respekt reisen.<\/strong><\/p>\n\n\n\n<p>Bei <strong>FlyTunisia<\/strong> k\u00fcmmern wir uns besonders um die Bed\u00fcrfnisse von:<\/p>\n\n\n\n<ul class=\"wp-block-list\">\n<li>Menschen mit k\u00f6rperlicher oder geistiger Beeintr\u00e4chtigung<\/li>\n\n\n\n<li>Senioren oder gebrechlichen Personen<\/li>\n\n\n\n<li>Begleitpersonen oder Pflegebed\u00fcrftigen<\/li>\n<\/ul>\n\n\n\n<p><strong>Unser besonderer Service umfasst:<\/strong><\/p>\n\n\n\n<ul class=\"wp-block-list\">\n<li>\u2714\ufe0f <strong>Kostenfreie Betreuung am Flughafen<\/strong> (Ankunft, Check-in, Boarding)<\/li>\n\n\n\n<li>\u2714\ufe0f <strong>Bevorzugter Sitzplatz mit mehr Beinfreiheit<\/strong> (je nach Verf\u00fcgbarkeit)<\/li>\n\n\n\n<li>\u2714\ufe0f <strong>Hilfestellung beim Ein- und Aussteigen<\/strong><\/li>\n\n\n\n<li>\u2714\ufe0f <strong>Bef\u00f6rderung von Rollst\u00fchlen und medizinischen Hilfsmitteln<\/strong> ohne Aufpreis<\/li>\n\n\n\n<li>\u2714\ufe0f <strong>Pers\u00f6nlicher Service an Bord<\/strong> mit R\u00fccksicht und W\u00fcrde<\/li>\n<\/ul>\n\n\n\n<p><\/p>\n","protected":false},"excerpt":{"rendered":"<p>FlyTunisia \u2013 Service f\u00fcr Passagiere mit eingeschr\u00e4nkter Mobilit\u00e4t Barrierefrei. Freundlich. Mit Respekt reisen. Bei FlyTunisia k\u00fcmmern wir uns besonders um die Bed\u00fcrfnisse von: Unser besonderer Service umfasst:<\/p>\n","protected":false},"author":1,"featured_media":0,"parent":0,"menu_order":0,"comment_status":"closed","ping_status":"closed","template":"","meta":{"saved_in_kubio":false,"footnotes":""},"class_list":["post-80","page","type-page","status-publish","hentry"],"kubio_ai_page_context":{"short_desc":"","purpose":"general"},"_links":{"self":[{"href":"https:\/\/flytunisia.at\/index.php?rest_route=\/wp\/v2\/pages\/80","targetHints":{"allow":["GET"]}}],"collection":[{"href":"https:\/\/flytunisia.at\/index.php?rest_route=\/wp\/v2\/pages"}],"about":[{"href":"https:\/\/flytunisia.at\/index.php?rest_route=\/wp\/v2\/types\/page"}],"author":[{"embeddable":true,"href":"https:\/\/flytunisia.at\/index.php?rest_route=\/wp\/v2\/users\/1"}],"replies":[{"embeddable":true,"href":"https:\/\/flytunisia.at\/index.php?rest_route=%2Fwp%2Fv2%2Fcomments&post=80"}],"version-history":[{"count":2,"href":"https:\/\/flytunisia.at\/index.php?rest_route=\/wp\/v2\/pages\/80\/revisions"}],"predecessor-version":[{"id":380,"href":"https:\/\/flytunisia.at\/index.php?rest_route=\/wp\/v2\/pages\/80\/revisions\/380"}],"wp:attachment":[{"href":"https:\/\/flytunisia.at\/index.php?rest_route=%2Fwp%2Fv2%2Fmedia&parent=80"}],"curies":[{"name":"wp","href":"https:\/\/api.w.org\/{rel}","templated":true}]}}