{"id":74,"date":"2025-06-20T19:34:39","date_gmt":"2025-06-20T19:34:39","guid":{"rendered":"https:\/\/flytunisia.at\/?page_id=74"},"modified":"2025-06-22T18:46:40","modified_gmt":"2025-06-22T18:46:40","slug":"luggage","status":"publish","type":"page","link":"https:\/\/flytunisia.at\/?page_id=74","title":{"rendered":"Luggage"},"content":{"rendered":"\n<h3 class=\"wp-block-heading\"> Willkommen an Bord von <strong>FLYTUNISIA<\/strong><\/h3>\n\n\n\n<p><strong>Mehr Service. Mehr Gep\u00e4ck. Mehr Vorteile.<\/strong><\/p>\n\n\n\n<p><strong>Ihr Vorteil mit FLYTUNISIA:<\/strong><br>\u2714\ufe0f <strong>G\u00fcnstige Preise f\u00fcr Zusatzgep\u00e4ck<\/strong> \u2013 mehr Kilogramm f\u00fcr weniger Geld!<br>\u2714\ufe0f <strong>Individuelle Koffertarife<\/strong> \u2013 flexibel buchbar, auch kurzfristig vor Abflug.<br>\u2714\ufe0f <strong>Bequemer Gep\u00e4cktransport-Service<\/strong> (auf Anfrage, z.\u202fB. Hotel \u2013 Flughafen).<\/p>\n\n\n\n<hr class=\"wp-block-separator has-alpha-channel-opacity\"\/>\n\n\n\n<h3 class=\"wp-block-heading\"> <strong>FLYTUNISIA CLUB CARD<\/strong> \u2013 Ihre Treue zahlt sich aus:<\/h3>\n\n\n\n<p><strong>SILBER CARD<\/strong><br>\u2013 Extra 10\u202fkg Freigep\u00e4ck<br>\u2013 Priority Check-in<br>\u2013 Exklusive Sonderangebote<\/p>\n\n\n\n<p><strong>GOLDEN CARD<\/strong><br>\u2013 Extra 20 \u202fkg Freigep\u00e4ck<br>\u2013 Zugang zur VIP Lounge<br>\u2013 1x pro Jahr kostenloses Upgrade auf Business Class*<br>\u2013 Pers\u00f6nlicher Kundenservice<\/p>\n\n\n\n<hr class=\"wp-block-separator has-alpha-channel-opacity\"\/>\n\n\n\n<h3 class=\"wp-block-heading\"><strong>BUSINESS CLASS<\/strong><\/h3>\n\n\n\n<p>\u2013 H\u00f6heres Freigep\u00e4ck (2 x 23\u202fkg + 1 Handgep\u00e4ck)<br>\u2013 Lounge-Zugang &amp; Priority Boarding<br>\u2013 Premium-Sitze mit mehr Komfort<\/p>\n\n\n\n<p><\/p>\n","protected":false},"excerpt":{"rendered":"<p>Willkommen an Bord von FLYTUNISIA Mehr Service. Mehr Gep\u00e4ck. Mehr Vorteile. Ihr Vorteil mit FLYTUNISIA:\u2714\ufe0f G\u00fcnstige Preise f\u00fcr Zusatzgep\u00e4ck \u2013 mehr Kilogramm f\u00fcr weniger Geld!\u2714\ufe0f Individuelle Koffertarife \u2013 flexibel buchbar, auch kurzfristig vor Abflug.\u2714\ufe0f Bequemer Gep\u00e4cktransport-Service (auf Anfrage, z.\u202fB. Hotel \u2013 Flughafen). FLYTUNISIA CLUB CARD \u2013 Ihre Treue zahlt sich aus: SILBER CARD\u2013 Extra 10\u202fkg [&hellip;]<\/p>\n","protected":false},"author":1,"featured_media":0,"parent":0,"menu_order":0,"comment_status":"closed","ping_status":"closed","template":"","meta":{"saved_in_kubio":false,"footnotes":""},"class_list":["post-74","page","type-page","status-publish","hentry"],"kubio_ai_page_context":{"short_desc":"","purpose":"general"},"_links":{"self":[{"href":"https:\/\/flytunisia.at\/index.php?rest_route=\/wp\/v2\/pages\/74","targetHints":{"allow":["GET"]}}],"collection":[{"href":"https:\/\/flytunisia.at\/index.php?rest_route=\/wp\/v2\/pages"}],"about":[{"href":"https:\/\/flytunisia.at\/index.php?rest_route=\/wp\/v2\/types\/page"}],"author":[{"embeddable":true,"href":"https:\/\/flytunisia.at\/index.php?rest_route=\/wp\/v2\/users\/1"}],"replies":[{"embeddable":true,"href":"https:\/\/flytunisia.at\/index.php?rest_route=%2Fwp%2Fv2%2Fcomments&post=74"}],"version-history":[{"count":3,"href":"https:\/\/flytunisia.at\/index.php?rest_route=\/wp\/v2\/pages\/74\/revisions"}],"predecessor-version":[{"id":283,"href":"https:\/\/flytunisia.at\/index.php?rest_route=\/wp\/v2\/pages\/74\/revisions\/283"}],"wp:attachment":[{"href":"https:\/\/flytunisia.at\/index.php?rest_route=%2Fwp%2Fv2%2Fmedia&parent=74"}],"curies":[{"name":"wp","href":"https:\/\/api.w.org\/{rel}","templated":true}]}}