{"id":56,"date":"2025-06-20T19:30:10","date_gmt":"2025-06-20T19:30:10","guid":{"rendered":"https:\/\/flytunisia.at\/?page_id=56"},"modified":"2025-06-22T14:16:16","modified_gmt":"2025-06-22T14:16:16","slug":"tunis-gammarth","status":"publish","type":"page","link":"https:\/\/flytunisia.at\/?page_id=56","title":{"rendered":"Tunis \/ Gammarth La Marsa"},"content":{"rendered":"\n<h2 class=\"wp-block-heading has-medium-font-size\">Die Karthago-K\u00fcste \u2013 Zwischen Geschichte und mediterranem Lebensgef\u00fchl<\/h2>\n\n\n\n<p><strong>Die Region rund um Tunis, Karthago, Gammarth und La Marsa<\/strong> gilt als eine der sch\u00f6nsten und vielf\u00e4ltigsten K\u00fcstenlandschaften Nordafrikas. Hier treffen <strong>antike Geschichte<\/strong>, <strong>moderne Lebensart<\/strong>, <strong>wei\u00dfe Sandstr\u00e4nde<\/strong> und <strong>kultureller Reichtum<\/strong> aufeinander \u2013 ein ideales Reiseziel f\u00fcr Sonnenhungrige, Kulturinteressierte und Genie\u00dfer.<\/p>\n\n\n\n<h3 class=\"wp-block-heading has-medium-font-size\">Tunis \u2013 Die lebendige Hauptstadt<\/h3>\n\n\n\n<p>Die Hauptstadt <strong>Tunis<\/strong> begeistert mit ihrem orientalischen Charme und europ\u00e4ischem Flair. In der <strong>Altstadt (Medina)<\/strong> \u2013 ein UNESCO-Weltkulturerbe \u2013 erwarten dich verwinkelte Gassen, traditionelle Souks, Moscheen, Pal\u00e4ste und Handwerkskunst. In der <strong>Neustadt<\/strong> zeigt sich Tunis modern, mit franz\u00f6sischer Kolonialarchitektur, Caf\u00e9s und Boutiquen. Das ber\u00fchmte <strong>Bardo-Museum<\/strong> beherbergt eine der weltweit bedeutendsten Sammlungen r\u00f6mischer Mosaike.<\/p>\n\n\n\n<h3 class=\"wp-block-heading has-medium-font-size\">Karthago \u2013 Die Seele der Antike<\/h3>\n\n\n\n<p>Nur wenige Kilometer von Tunis entfernt liegen die <strong>Ruinen von Karthago<\/strong>, einst eine der m\u00e4chtigsten St\u00e4dte der Antike. Sp\u00fcre den Atem der Geschichte beim Besuch des <strong>Antoninus-Pius-Thermen<\/strong>, der <strong>Punischen H\u00e4fen<\/strong>, oder des <strong>Karthago-Museums<\/strong>. Der Ort fasziniert durch seine Lage am Meer und seine einzigartige historische Tiefe.<\/p>\n\n\n\n<h3 class=\"wp-block-heading has-medium-font-size\">Gammarth \u2013 Ruhe, Luxus und Ausblick<\/h3>\n\n\n\n<p><strong>Gammarth<\/strong> ist bekannt f\u00fcr seine <strong>exklusiven Hotels<\/strong>, gepflegten Str\u00e4nde und herrlichen Ausblicke \u00fcber das Mittelmeer. Nur wenige Minuten von Tunis und La Marsa entfernt, ist Gammarth die perfekte Adresse f\u00fcr alle, die <strong>Erholung mit Komfort<\/strong> und <strong>gehobene Gastronomie<\/strong> suchen.<\/p>\n\n\n\n<h3 class=\"wp-block-heading has-medium-font-size\">La Marsa \u2013 Der charmante Badeort<\/h3>\n\n\n\n<p><strong>La Marsa<\/strong> verzaubert mit seinem <strong>wei\u00dfen Sandstrand<\/strong>, gem\u00fctlichen Caf\u00e9s, <strong>Jugendstilvillen<\/strong> und einem Hauch franz\u00f6sischer Eleganz. Der Ort gilt als einer der <strong>beliebtesten Badeorte der Oberschicht<\/strong> \u2013 modern, stilvoll und zugleich entspannt. Die Strandpromenade l\u00e4dt zum Flanieren ein, und am Abend genie\u00dfen Besucher das bunte Leben in Bars und Restaurants.<\/p>\n\n\n\n<figure class=\"wp-block-gallery has-nested-images columns-default is-cropped wp-block-gallery-1 is-layout-flex wp-block-gallery-is-layout-flex\">\n<figure class=\"wp-block-image size-large\"><img loading=\"lazy\" decoding=\"async\" width=\"770\" height=\"420\" data-id=\"208\" src=\"https:\/\/flytunisia.at\/wp-content\/uploads\/2025\/06\/a-free-tour-in-the-mediterranean-garden-08.jpg\" alt=\"\" class=\"wp-image-208\" srcset=\"https:\/\/flytunisia.at\/wp-content\/uploads\/2025\/06\/a-free-tour-in-the-mediterranean-garden-08.jpg 770w, https:\/\/flytunisia.at\/wp-content\/uploads\/2025\/06\/a-free-tour-in-the-mediterranean-garden-08-300x164.jpg 300w, https:\/\/flytunisia.at\/wp-content\/uploads\/2025\/06\/a-free-tour-in-the-mediterranean-garden-08-768x419.jpg 768w\" sizes=\"(max-width: 770px) 100vw, 770px\" \/><\/figure>\n\n\n\n<figure class=\"wp-block-image size-large\"><img loading=\"lazy\" decoding=\"async\" width=\"669\" height=\"446\" data-id=\"209\" src=\"https:\/\/flytunisia.at\/wp-content\/uploads\/2025\/06\/cd.jpg\" alt=\"\" class=\"wp-image-209\" srcset=\"https:\/\/flytunisia.at\/wp-content\/uploads\/2025\/06\/cd.jpg 669w, https:\/\/flytunisia.at\/wp-content\/uploads\/2025\/06\/cd-300x200.jpg 300w\" sizes=\"(max-width: 669px) 100vw, 669px\" \/><\/figure>\n\n\n\n<figure class=\"wp-block-image size-large\"><img loading=\"lazy\" decoding=\"async\" width=\"1024\" height=\"576\" data-id=\"210\" src=\"https:\/\/flytunisia.at\/wp-content\/uploads\/2025\/06\/d5e7d41d-city-44965-16b90183052-1024x576.jpg\" alt=\"\" class=\"wp-image-210\" srcset=\"https:\/\/flytunisia.at\/wp-content\/uploads\/2025\/06\/d5e7d41d-city-44965-16b90183052-1024x576.jpg 1024w, https:\/\/flytunisia.at\/wp-content\/uploads\/2025\/06\/d5e7d41d-city-44965-16b90183052-300x169.jpg 300w, https:\/\/flytunisia.at\/wp-content\/uploads\/2025\/06\/d5e7d41d-city-44965-16b90183052-768x432.jpg 768w, https:\/\/flytunisia.at\/wp-content\/uploads\/2025\/06\/d5e7d41d-city-44965-16b90183052.jpg 1366w\" sizes=\"(max-width: 1024px) 100vw, 1024px\" \/><\/figure>\n<\/figure>\n\n\n\n<p>Hotel Liste 5*<\/p>\n\n\n\n<figure class=\"wp-block-table\"><table class=\"has-fixed-layout\"><thead><tr><th>Hotelname<\/th><th>Telefon<\/th><th>Webseite<\/th><\/tr><\/thead><tbody><tr><td>Les Berges du Lac Suites<\/td><td>00216 36049000<\/td><td><a class=\"\" href=\"http:\/\/www.avanihotels.com\">www.avanihotels.com<\/a><\/td><\/tr><tr><td>Four Seasons Hotel Tunis<\/td><td>00216 31260000<\/td><td><a class=\"\" href=\"http:\/\/www.fourseasons.com\">www.fourseasons.com<\/a><\/td><\/tr><tr><td>Imp\u00e9rial Palace Movenpick<\/td><td>00216 36421000<\/td><td><a class=\"\" href=\"http:\/\/www.movenpick.com\">www.movenpick.com<\/a><\/td><\/tr><tr><td>Dar El Marsa<\/td><td>00216 71728000<\/td><td><a class=\"\" href=\"http:\/\/www.darelmarsa.com.tn\">www.darelmarsa.com.tn<\/a><\/td><\/tr><tr><td>Villa Bleue<\/td><td>00216 20422086<\/td><td><a class=\"\" href=\"http:\/\/www.lavillableuesidbousaid.com\">www.lavillableuesidbousaid.com<\/a><\/td><\/tr><tr><td>Golden Carthage Hotel &amp; Residence Tunis<\/td><td>00216 71913000<\/td><td><a class=\"\" href=\"http:\/\/www.goldencarthage.com\">www.goldencarthage.com<\/a><\/td><\/tr><tr><td>Regency Tunis<\/td><td>00216 71910900 <\/td><td><a class=\"\" href=\"http:\/\/www.regencytunis.com\">www.regencytunis.com<\/a><\/td><\/tr><tr><td>Royal Asbu<\/td><td>00216 70224600<\/td><td><a class=\"\" href=\"http:\/\/www.royalasbu.tn\">www.royalasbu.tn<\/a><\/td><\/tr><tr><td>Marriott Tunis<\/td><td>00216 31220022<\/td><td>www.marriott.com<\/td><\/tr><tr><td>Le Palace Gammarth<\/td><td>00216 71912000<\/td><td><a class=\"\" href=\"http:\/\/www.lepalace.com.tn\">www.lepalace.com.tn<\/a><\/td><\/tr><tr><td>Movenpick Gammarth<\/td><td>00216 71741444<\/td><td><a class=\"\" href=\"http:\/\/www.movenpick-gammarth.com\">www.movenpick-gammarth.com<\/a><\/td><\/tr><tr><td>Laico Tunis<\/td><td>00216 71350355<\/td><td><a class=\"\" href=\"http:\/\/www.hotelsdescongres-tunis.com\">www.hotelsdescongres-tunis.com<\/a><\/td><\/tr><tr><td>Carthage Thalasso Resort<\/td><td>00216 71910111<\/td><td><a class=\"\" href=\"http:\/\/www.carthagethalassoresort.com\">www.carthagethalassoresort.com<\/a><\/td><\/tr><tr><td>The R\u00e9sidence<\/td><td>00216 71910101<\/td><td><a class=\"\" href=\"http:\/\/www.theresidence.com\">www.theresidence.com<\/a><\/td><\/tr><tr><td>Maison Blanche<\/td><td>00216 71905000<\/td><td><a class=\"\" href=\"http:\/\/www.hotel-lamaisonblanche.com\">www.hotel-lamaisonblanche.com<\/a><\/td><\/tr><tr><td>Khamsa Ramada Plaza<\/td><td>00216 71911100<\/td><td><a class=\"\" href=\"http:\/\/www.ramadaplaza-hotel.com\">www.ramadaplaza-hotel.com<\/a><\/td><\/tr><tr><td>Sheraton Hotel &amp; Towers<\/td><td>00216 71782100<\/td><td><a class=\"\" href=\"http:\/\/www.sheraton.com\">www.sheraton.com<\/a><\/td><\/tr><tr><td>Tunis Grand H\u00f4tel<\/td><td>00216 71235700<\/td><td><a class=\"\" href=\"http:\/\/www.tunisgrandhotel.com\">www.tunisgrandhotel.com<\/a><\/td><\/tr><\/tbody><\/table><\/figure>\n\n\n\n<figure class=\"wp-block-table\"><table class=\"has-fixed-layout\"><thead><tr><th><strong>Hotelname<\/strong> 4*<\/th><th><strong>Adresse<\/strong><\/th><th><strong>Telefon<\/strong><\/th><th><strong>E-Mail<\/strong><\/th><th><strong>Webseite<\/strong><\/th><\/tr><\/thead><tbody><tr><td><strong>Lac Leman<\/strong><\/td><td>Rue Lac Leman, Les Berges du Lac<\/td><td>71 961 666<\/td><td><a>contact@hotellacleman.com<\/a><\/td><td><a class=\"\" href=\"http:\/\/www.hotellacleman.com\">www.hotellacleman.com<\/a><\/td><\/tr><tr><td><strong>Dar Said<\/strong><\/td><td>Rue Toni, Sidi Bou Sa\u00efd<\/td><td>71 729 666<\/td><td><a>darsaid@gnet.tn<\/a><\/td><td><a class=\"\" href=\"http:\/\/www.darsaid.com.tn\">www.darsaid.com.tn<\/a><\/td><\/tr><tr><td><strong>Novotel Tunis<\/strong><\/td><td>Avenue Mohamed V, Tunis<\/td><td>71 830 500<\/td><td><a>H6145@accor.com<\/a><\/td><td><a class=\"\" href=\"http:\/\/www.accorhotels.com\">www.accorhotels.com<\/a><\/td><\/tr><tr><td><strong>Novotel du Lac<\/strong><\/td><td>Rue de la Feuille d\u2019\u00c9rable<\/td><td>31 329 329<\/td><td><a>HA9E9@accor.com<\/a><\/td><td><a class=\"\" href=\"http:\/\/www.all.accor.com\">www.all.accor.com<\/a><\/td><\/tr><tr><td><strong>L\u2019Acropole<\/strong><\/td><td>Rue Rodrigo Di Vritas, Les Berges du Lac<\/td><td>71 963 000<\/td><td><a>acropole@planet.tn<\/a><\/td><td><a class=\"\" href=\"http:\/\/www.acropole.com.tn\">www.acropole.com.tn<\/a><\/td><\/tr><tr><td><strong>El Mouradi Gammarth<\/strong><\/td><td>Z.T. Gammarth<\/td><td>71 274 300<\/td><td><a>mgt.gammarth@elmouradi.com<\/a><\/td><td><a class=\"\" href=\"http:\/\/www.elmouradi.com\">www.elmouradi.com<\/a><\/td><\/tr><tr><td><strong>Marigold H\u00f4tel<\/strong><\/td><td>Angle Rue Ibn Nadim &amp; Chabia<\/td><td>71 904 011<\/td><td><a>contact@marigold-hotel.com<\/a><\/td><td><a class=\"\" href=\"http:\/\/www.marigold-hotel.com\">www.marigold-hotel.com<\/a><\/td><\/tr><tr><td><strong>Le Consul<\/strong><\/td><td>48 Rue de Palestine<\/td><td>71 785 784<\/td><td><a>contact@hotelleconsul.com<\/a><\/td><td><a class=\"\" href=\"http:\/\/www.hotelleconsul.com\">www.hotelleconsul.com<\/a><\/td><\/tr><tr><td><strong>Tunisia Palace<\/strong><\/td><td>13 Avenue de France, 1000 Tunis<\/td><td>71 242 700<\/td><td><a>tunisiapalace@goldenyasmine.com<\/a><\/td><td><a class=\"\" href=\"http:\/\/www.goldenyasmine.com\">www.goldenyasmine.com<\/a><\/td><\/tr><tr><td><strong>Royal Victoria<\/strong><\/td><td>5 Place de la Victoire<\/td><td>71 320 066<\/td><td><a>contact@hotel-royalvictoria.tn<\/a><\/td><td><a class=\"\" href=\"http:\/\/www.hotel-royalvictoria.com\">www.hotel-royalvictoria.com<\/a><\/td><\/tr><tr><td><strong>Majestic<\/strong><\/td><td>36 Avenue de Paris, Tunis<\/td><td>71 332 666<\/td><td><a>hotel@majestic.tn<\/a><\/td><td><a class=\"\" href=\"http:\/\/www.majestichotel.tn\">www.majestichotel.tn<\/a><\/td><\/tr><tr><td><strong>La Tour Blanche<\/strong><\/td><td>Avenue Taieb Mehiri, Gammarth<\/td><td>71 120 220<\/td><td>\u2013<\/td><td><a class=\"\" href=\"http:\/\/www.hotellatourblanche.com\">www.hotellatourblanche.com<\/a><\/td><\/tr><tr><td><strong>Belv\u00e9d\u00e8re Fourati<\/strong><\/td><td>10 Avenue des \u00c9tats-Unis<\/td><td>71 783 133<\/td><td><a>info@hotelbelvederetunis.com<\/a><\/td><td><a class=\"\" href=\"http:\/\/www.hotelbelvederefourati.com\">www.hotelbelvederefourati.com<\/a><\/td><\/tr><tr><td><strong>Golden Tulip El Mechtel<\/strong><\/td><td>3 Avenue Ouled Hafouz<\/td><td>71 783 200<\/td><td><a>info@goldentulipmechtel.com<\/a><\/td><td><a class=\"\" href=\"http:\/\/www.goldentulipmechtel.com\">www.goldentulipmechtel.com<\/a><\/td><\/tr><tr><td><strong>Diplomat<\/strong><\/td><td>44 Avenue H\u00e9di Chaker, BP 166<\/td><td>71 785 233<\/td><td><a>diplomat.hotel@planet.tn<\/a><\/td><td><a class=\"\" href=\"http:\/\/www.diplomat-hotel-tunis.com\">www.diplomat-hotel-tunis.com<\/a><\/td><\/tr><\/tbody><\/table><\/figure>\n","protected":false},"excerpt":{"rendered":"<p>Die Karthago-K\u00fcste \u2013 Zwischen Geschichte und mediterranem Lebensgef\u00fchl Die Region rund um Tunis, Karthago, Gammarth und La Marsa gilt als eine der sch\u00f6nsten und vielf\u00e4ltigsten K\u00fcstenlandschaften Nordafrikas. Hier treffen antike Geschichte, moderne Lebensart, wei\u00dfe Sandstr\u00e4nde und kultureller Reichtum aufeinander \u2013 ein ideales Reiseziel f\u00fcr Sonnenhungrige, Kulturinteressierte und Genie\u00dfer. Tunis \u2013 Die lebendige Hauptstadt Die Hauptstadt [&hellip;]<\/p>\n","protected":false},"author":1,"featured_media":0,"parent":0,"menu_order":0,"comment_status":"closed","ping_status":"closed","template":"","meta":{"saved_in_kubio":false,"footnotes":""},"class_list":["post-56","page","type-page","status-publish","hentry"],"kubio_ai_page_context":{"short_desc":"","purpose":"general"},"_links":{"self":[{"href":"https:\/\/flytunisia.at\/index.php?rest_route=\/wp\/v2\/pages\/56","targetHints":{"allow":["GET"]}}],"collection":[{"href":"https:\/\/flytunisia.at\/index.php?rest_route=\/wp\/v2\/pages"}],"about":[{"href":"https:\/\/flytunisia.at\/index.php?rest_route=\/wp\/v2\/types\/page"}],"author":[{"embeddable":true,"href":"https:\/\/flytunisia.at\/index.php?rest_route=\/wp\/v2\/users\/1"}],"replies":[{"embeddable":true,"href":"https:\/\/flytunisia.at\/index.php?rest_route=%2Fwp%2Fv2%2Fcomments&post=56"}],"version-history":[{"count":9,"href":"https:\/\/flytunisia.at\/index.php?rest_route=\/wp\/v2\/pages\/56\/revisions"}],"predecessor-version":[{"id":220,"href":"https:\/\/flytunisia.at\/index.php?rest_route=\/wp\/v2\/pages\/56\/revisions\/220"}],"wp:attachment":[{"href":"https:\/\/flytunisia.at\/index.php?rest_route=%2Fwp%2Fv2%2Fmedia&parent=56"}],"curies":[{"name":"wp","href":"https:\/\/api.w.org\/{rel}","templated":true}]}}