{"id":47,"date":"2025-06-20T19:26:31","date_gmt":"2025-06-20T19:26:31","guid":{"rendered":"https:\/\/flytunisia.at\/?page_id=47"},"modified":"2025-06-21T18:52:59","modified_gmt":"2025-06-21T18:52:59","slug":"tabarka-airport","status":"publish","type":"page","link":"https:\/\/flytunisia.at\/?page_id=47","title":{"rendered":"Tabarka Airport"},"content":{"rendered":"\n<h3 class=\"wp-block-heading\"><strong>Internationaler Flughafen Tabarka\u2013A\u00efn Draham (IATA: TBJ | ICAO: DTKA)<\/strong><\/h3>\n\n\n\n<p>Der <strong>Internationale Flughafen Tabarka\u2013A\u00efn Draham<\/strong><\/p>\n\n\n\n<p> liegt im Nordwesten Tunesiens, rund 10\u202fkm von der malerischen K\u00fcstenstadt <strong>Tabarka<\/strong> entfernt.<\/p>\n\n\n\n<p>Der Flughafen wurde im Jahr <strong>1992<\/strong> auf Initiative des damaligen Pr\u00e4sidenten erbaut, der in dieser Region <\/p>\n\n\n\n<p>Mit einer <strong>j\u00e4hrlichen Kapazit\u00e4t von rund 60.000 Passagieren<\/strong> dient der Flughafen vor allem dem regionalen Tourismus im gr\u00fcnen Nordwesten Tunesiens sowie der Anbindung an Algerien.<\/p>\n\n\n\n<p>In den fr\u00fchen 2000er-Jahren wurde der Flughafen regelm\u00e4\u00dfig von <strong>Tunisair<\/strong> angeflogen \u2013 unter anderem aus <strong>M\u00fcnchen, Stuttgart und Frankfurt am Main<\/strong>, jeweils einmal w\u00f6chentlich.<\/p>\n\n\n\n<p>Flughafen Information <\/p>\n\n\n\n<p>Adresse: Tabarka Tunesien<\/p>\n\n\n\n<p>Tel: +216 78 680 005<\/p>\n\n\n\n<figure class=\"wp-block-image size-full\"><img loading=\"lazy\" decoding=\"async\" width=\"800\" height=\"503\" src=\"https:\/\/flytunisia.at\/wp-content\/uploads\/2025\/06\/tabarka.jpg\" alt=\"\" class=\"wp-image-179\" srcset=\"https:\/\/flytunisia.at\/wp-content\/uploads\/2025\/06\/tabarka.jpg 800w, https:\/\/flytunisia.at\/wp-content\/uploads\/2025\/06\/tabarka-300x189.jpg 300w, https:\/\/flytunisia.at\/wp-content\/uploads\/2025\/06\/tabarka-768x483.jpg 768w\" sizes=\"(max-width: 800px) 100vw, 800px\" \/><\/figure>\n","protected":false},"excerpt":{"rendered":"<p>Internationaler Flughafen Tabarka\u2013A\u00efn Draham (IATA: TBJ | ICAO: DTKA) Der Internationale Flughafen Tabarka\u2013A\u00efn Draham liegt im Nordwesten Tunesiens, rund 10\u202fkm von der malerischen K\u00fcstenstadt Tabarka entfernt. Der Flughafen wurde im Jahr 1992 auf Initiative des damaligen Pr\u00e4sidenten erbaut, der in dieser Region Mit einer j\u00e4hrlichen Kapazit\u00e4t von rund 60.000 Passagieren dient der Flughafen vor allem [&hellip;]<\/p>\n","protected":false},"author":1,"featured_media":0,"parent":0,"menu_order":0,"comment_status":"closed","ping_status":"closed","template":"","meta":{"saved_in_kubio":false,"footnotes":""},"class_list":["post-47","page","type-page","status-publish","hentry"],"kubio_ai_page_context":{"short_desc":"","purpose":"general"},"_links":{"self":[{"href":"https:\/\/flytunisia.at\/index.php?rest_route=\/wp\/v2\/pages\/47","targetHints":{"allow":["GET"]}}],"collection":[{"href":"https:\/\/flytunisia.at\/index.php?rest_route=\/wp\/v2\/pages"}],"about":[{"href":"https:\/\/flytunisia.at\/index.php?rest_route=\/wp\/v2\/types\/page"}],"author":[{"embeddable":true,"href":"https:\/\/flytunisia.at\/index.php?rest_route=\/wp\/v2\/users\/1"}],"replies":[{"embeddable":true,"href":"https:\/\/flytunisia.at\/index.php?rest_route=%2Fwp%2Fv2%2Fcomments&post=47"}],"version-history":[{"count":3,"href":"https:\/\/flytunisia.at\/index.php?rest_route=\/wp\/v2\/pages\/47\/revisions"}],"predecessor-version":[{"id":180,"href":"https:\/\/flytunisia.at\/index.php?rest_route=\/wp\/v2\/pages\/47\/revisions\/180"}],"wp:attachment":[{"href":"https:\/\/flytunisia.at\/index.php?rest_route=%2Fwp%2Fv2%2Fmedia&parent=47"}],"curies":[{"name":"wp","href":"https:\/\/api.w.org\/{rel}","templated":true}]}}