{"id":45,"date":"2025-06-20T19:26:17","date_gmt":"2025-06-20T19:26:17","guid":{"rendered":"https:\/\/flytunisia.at\/?page_id=45"},"modified":"2025-06-21T18:32:08","modified_gmt":"2025-06-21T18:32:08","slug":"tozeur-airport","status":"publish","type":"page","link":"https:\/\/flytunisia.at\/?page_id=45","title":{"rendered":"Tozeur Airport"},"content":{"rendered":"\n<h3 class=\"wp-block-heading\">Flughafen Tozeur\u2013Nefta (TOE)<\/h3>\n\n\n\n<p>Der <strong>Internationale Flughafen Tozeur\u2013Nefta<\/strong>  tr\u00e4gt den <strong>IATA-Code TOE<\/strong>. Er befindet sich nahe der St\u00e4dte <strong>Tozeur<\/strong> und <strong>Nefta<\/strong>, im S\u00fcdwesten Tunesiens \u2013 mitten in der faszinierenden <strong>Sahara-W\u00fcste<\/strong>.<\/p>\n\n\n\n<p>Der Flughafen verf\u00fcgt \u00fcber eine Fl\u00e4che von <strong>f\u00fcnf Hektar<\/strong>, auf der <strong>bis zu 13 Flugzeuge gleichzeitig<\/strong> abgestellt werden k\u00f6nnen. F\u00fcr Sicherheit und Notf\u00e4lle steht ein <strong>modernes Flughafenfeuerwehrfahrzeug<\/strong> zur Verf\u00fcgung.<\/p>\n\n\n\n<p>Der Flughafen wird haupts\u00e4chlich von <strong>nationalen Fluggesellschaften<\/strong>, insbesondere <strong>Tunisair Express<\/strong>, bedient. Auch die internationale Fluggesellschaft <strong>Transavia France<\/strong> verbindet Tozeur regelm\u00e4\u00dfig mit Europa.Der <strong>Flughafen Tozeur\u2013Nefta<\/strong> ist ein <strong>idealer Ausgangspunkt f\u00fcr W\u00fcstentourismus<\/strong> und f\u00fcr Besuche weltbekannter <strong>Filmkulissen<\/strong> \u2013 wie etwa den originalen Drehorten der \u201e<strong>Star Wars<\/strong>\u201c-Saga. Zudem ist er das <strong>wichtige Tor zur Oase von Tozeur<\/strong>, dem beeindruckenden <strong>Chott el Djerid<\/strong> sowie den umliegenden <strong>W\u00fcstenoasen<\/strong> der Region.<\/p>\n\n\n\n<p>Flughafen Information<\/p>\n\n\n\n<p>Adresse:  2200 Ave Palestina Tozeur  TUnesien <\/p>\n\n\n\n<p>Tel: +216 76 453 388 <\/p>\n\n\n\n<figure class=\"wp-block-image size-full\"><img loading=\"lazy\" decoding=\"async\" width=\"768\" height=\"495\" src=\"https:\/\/flytunisia.at\/wp-content\/uploads\/2025\/06\/Tozeur-Nefta.webp\" alt=\"\" class=\"wp-image-176\" srcset=\"https:\/\/flytunisia.at\/wp-content\/uploads\/2025\/06\/Tozeur-Nefta.webp 768w, https:\/\/flytunisia.at\/wp-content\/uploads\/2025\/06\/Tozeur-Nefta-300x193.webp 300w\" sizes=\"(max-width: 768px) 100vw, 768px\" \/><\/figure>\n\n\n\n<p><\/p>\n","protected":false},"excerpt":{"rendered":"<p>Flughafen Tozeur\u2013Nefta (TOE) Der Internationale Flughafen Tozeur\u2013Nefta tr\u00e4gt den IATA-Code TOE. Er befindet sich nahe der St\u00e4dte Tozeur und Nefta, im S\u00fcdwesten Tunesiens \u2013 mitten in der faszinierenden Sahara-W\u00fcste. Der Flughafen verf\u00fcgt \u00fcber eine Fl\u00e4che von f\u00fcnf Hektar, auf der bis zu 13 Flugzeuge gleichzeitig abgestellt werden k\u00f6nnen. F\u00fcr Sicherheit und Notf\u00e4lle steht ein modernes [&hellip;]<\/p>\n","protected":false},"author":1,"featured_media":0,"parent":0,"menu_order":0,"comment_status":"closed","ping_status":"closed","template":"","meta":{"saved_in_kubio":false,"footnotes":""},"class_list":["post-45","page","type-page","status-publish","hentry"],"kubio_ai_page_context":{"short_desc":"","purpose":"general"},"_links":{"self":[{"href":"https:\/\/flytunisia.at\/index.php?rest_route=\/wp\/v2\/pages\/45","targetHints":{"allow":["GET"]}}],"collection":[{"href":"https:\/\/flytunisia.at\/index.php?rest_route=\/wp\/v2\/pages"}],"about":[{"href":"https:\/\/flytunisia.at\/index.php?rest_route=\/wp\/v2\/types\/page"}],"author":[{"embeddable":true,"href":"https:\/\/flytunisia.at\/index.php?rest_route=\/wp\/v2\/users\/1"}],"replies":[{"embeddable":true,"href":"https:\/\/flytunisia.at\/index.php?rest_route=%2Fwp%2Fv2%2Fcomments&post=45"}],"version-history":[{"count":3,"href":"https:\/\/flytunisia.at\/index.php?rest_route=\/wp\/v2\/pages\/45\/revisions"}],"predecessor-version":[{"id":177,"href":"https:\/\/flytunisia.at\/index.php?rest_route=\/wp\/v2\/pages\/45\/revisions\/177"}],"wp:attachment":[{"href":"https:\/\/flytunisia.at\/index.php?rest_route=%2Fwp%2Fv2%2Fmedia&parent=45"}],"curies":[{"name":"wp","href":"https:\/\/api.w.org\/{rel}","templated":true}]}}