{"id":41,"date":"2025-06-20T19:25:38","date_gmt":"2025-06-20T19:25:38","guid":{"rendered":"https:\/\/flytunisia.at\/?page_id=41"},"modified":"2025-06-21T17:01:37","modified_gmt":"2025-06-21T17:01:37","slug":"monastir-airport","status":"publish","type":"page","link":"https:\/\/flytunisia.at\/?page_id=41","title":{"rendered":"Monastir Airport"},"content":{"rendered":"\n<h3 class=\"wp-block-heading\">Flughafen Monastir \u2013 Habib Bourguiba International Airport (MIR)<\/h3>\n\n\n\n<p>Der <strong>Flughafen Monastir<\/strong> (IATA-Code: <strong>MIR<\/strong>, ICAO-Code: <strong>DTMB<\/strong>) ist ein internationaler Flughafen in der K\u00fcstenstadt <strong>Monastir<\/strong> in Tunesien. Er tr\u00e4gt den Namen des ersten Pr\u00e4sidenten des Landes, <strong>Habib Bourguiba<\/strong>, der aus Monastir stammt.<\/p>\n\n\n\n<p>Bis zur Er\u00f6ffnung des Flughafens Enfidha im Jahr 2010 war der Flughafen Monastir der wichtigste touristische Flughafen Tunesiens und wurde haupts\u00e4chlich von <strong>Charterfluggesellschaften aus Europa<\/strong> frequentiert.<\/p>\n\n\n\n<p>Im Rahmen einer internationalen Ausschreibung erhielt die <strong>t\u00fcrkische TAV Airports Holding<\/strong> im Jahr 2007 den Zuschlag f\u00fcr den Betrieb des Flughafens, der am <strong>1. Januar 2008<\/strong> offiziell \u00fcbernommen wurde.<\/p>\n\n\n\n<p>Trotz des R\u00fcckgangs im Passagieraufkommen bleibt der Flughafen ein <strong>wichtiger Zugangspunkt f\u00fcr Urlauber<\/strong>, insbesondere f\u00fcr die K\u00fcstenregionen rund um <strong>Sousse, Monastir und Mahdia<\/strong>.<\/p>\n\n\n\n<p>Ein besonderes Merkmal des Flughafens ist der direkte <strong>Bahnhaltepunkt der tunesischen Staatsbahn SNCFT<\/strong>, der durch die <strong>M\u00e9tro du Sahel<\/strong> angebunden ist. Diese erm\u00f6glicht eine bequeme Weiterreise mit dem Zug entlang der Ostk\u00fcste Tunesiens.<\/p>\n\n\n\n<p>Adresse: Monastir  Tunesien<\/p>\n\n\n\n<p>Tel:  + 216 73 520 000 <\/p>\n\n\n\n<p><strong><a href=\"https:\/\/habibbourguibaairport.com\/\" data-type=\"link\" data-id=\"https:\/\/habibbourguibaairport.com\/\">Monastir Airport  <\/a><\/strong><\/p>\n\n\n\n<figure class=\"wp-block-image size-full\"><img loading=\"lazy\" decoding=\"async\" width=\"800\" height=\"600\" src=\"https:\/\/flytunisia.at\/wp-content\/uploads\/2025\/06\/photo-gallery_1555575273.jpg\" alt=\"\" class=\"wp-image-166\" srcset=\"https:\/\/flytunisia.at\/wp-content\/uploads\/2025\/06\/photo-gallery_1555575273.jpg 800w, https:\/\/flytunisia.at\/wp-content\/uploads\/2025\/06\/photo-gallery_1555575273-300x225.jpg 300w, https:\/\/flytunisia.at\/wp-content\/uploads\/2025\/06\/photo-gallery_1555575273-768x576.jpg 768w\" sizes=\"(max-width: 800px) 100vw, 800px\" \/><figcaption class=\"wp-element-caption\">3.jpg<\/figcaption><\/figure>\n","protected":false},"excerpt":{"rendered":"<p>Flughafen Monastir \u2013 Habib Bourguiba International Airport (MIR) Der Flughafen Monastir (IATA-Code: MIR, ICAO-Code: DTMB) ist ein internationaler Flughafen in der K\u00fcstenstadt Monastir in Tunesien. Er tr\u00e4gt den Namen des ersten Pr\u00e4sidenten des Landes, Habib Bourguiba, der aus Monastir stammt. Bis zur Er\u00f6ffnung des Flughafens Enfidha im Jahr 2010 war der Flughafen Monastir der wichtigste [&hellip;]<\/p>\n","protected":false},"author":1,"featured_media":0,"parent":0,"menu_order":0,"comment_status":"closed","ping_status":"closed","template":"","meta":{"saved_in_kubio":false,"footnotes":""},"class_list":["post-41","page","type-page","status-publish","hentry"],"kubio_ai_page_context":{"short_desc":"","purpose":"general"},"_links":{"self":[{"href":"https:\/\/flytunisia.at\/index.php?rest_route=\/wp\/v2\/pages\/41","targetHints":{"allow":["GET"]}}],"collection":[{"href":"https:\/\/flytunisia.at\/index.php?rest_route=\/wp\/v2\/pages"}],"about":[{"href":"https:\/\/flytunisia.at\/index.php?rest_route=\/wp\/v2\/types\/page"}],"author":[{"embeddable":true,"href":"https:\/\/flytunisia.at\/index.php?rest_route=\/wp\/v2\/users\/1"}],"replies":[{"embeddable":true,"href":"https:\/\/flytunisia.at\/index.php?rest_route=%2Fwp%2Fv2%2Fcomments&post=41"}],"version-history":[{"count":4,"href":"https:\/\/flytunisia.at\/index.php?rest_route=\/wp\/v2\/pages\/41\/revisions"}],"predecessor-version":[{"id":167,"href":"https:\/\/flytunisia.at\/index.php?rest_route=\/wp\/v2\/pages\/41\/revisions\/167"}],"wp:attachment":[{"href":"https:\/\/flytunisia.at\/index.php?rest_route=%2Fwp%2Fv2%2Fmedia&parent=41"}],"curies":[{"name":"wp","href":"https:\/\/api.w.org\/{rel}","templated":true}]}}