{"id":39,"date":"2025-06-20T19:25:10","date_gmt":"2025-06-20T19:25:10","guid":{"rendered":"https:\/\/flytunisia.at\/?page_id=39"},"modified":"2025-06-21T10:28:22","modified_gmt":"2025-06-21T10:28:22","slug":"enfidha-airport","status":"publish","type":"page","link":"https:\/\/flytunisia.at\/?page_id=39","title":{"rendered":"Enfidha Airport"},"content":{"rendered":"\n<h3 class=\"wp-block-heading\"><strong>Flughafen Enfidha-Hammamet \u2013 Moderne Drehscheibe am Golf von Hammamet<\/strong><\/h3>\n\n\n\n<p>Der <strong>internationale Flughafen Enfidha-Hammamet<\/strong>  tr\u00e4gt den <strong>IATA-Code NBE<\/strong> und den <strong>ICAO-Code DTNH<\/strong>.<\/p>\n\n\n\n<p>Er befindet sich in <strong>strategisch g\u00fcnstiger Lage am Golf von Hammamet<\/strong>, zwischen den bekannten Urlaubsorten <strong>Yasmine Hammamet, Sousse<\/strong> und <strong>Port El-Kantaoui<\/strong>. Damit liegt er auch genau zwischen den beiden gro\u00dfen Flugh\u00e4fen <strong>Tunis-Carthage<\/strong> und <strong>Monastir<\/strong> und soll langfristig eine <strong>Entlastung f\u00fcr den Flughafen Monastir<\/strong> darstellen, der n\u00e4her am Stadtzentrum liegt.<\/p>\n\n\n\n<p>Der Flughafen wurde <strong>im Jahr 2007<\/strong> nahe der Stadt <strong>Enfidha<\/strong> (im Gouvernement Sousse) errichtet und <strong>2010 offiziell f\u00fcr den internationalen Flugverkehr er\u00f6ffnet<\/strong>. Betreiber des Flughafens ist die renommierte <strong>TAV Airports Holding<\/strong> aus der T\u00fcrkei.<\/p>\n\n\n\n<p>In seiner ersten Ausbaustufe verf\u00fcgt der Flughafen \u00fcber eine <strong>Kapazit\u00e4t von bis zu 7 Millionen Passagieren j\u00e4hrlich<\/strong> sowie eine moderne Landebahn. In weiteren Ausbauphasen ist geplant, die Kapazit\u00e4t auf <strong>bis zu 22 Millionen Passagiere<\/strong> zu erh\u00f6hen und eine <strong>zweite Landebahn<\/strong> zu errichten.<\/p>\n\n\n\n<p>Dank seiner modernen Infrastruktur, kurzen Wege und N\u00e4he zu touristischen Zentren gilt der Flughafen Enfidha-Hammamet als <strong>wichtige Drehscheibe f\u00fcr den internationalen Tourismus in Tunesien<\/strong> \u2013 insbesondere f\u00fcr Charter- und Pauschalreisen aus Europa.<\/p>\n\n\n\n<p><\/p>\n\n\n\n<p>Flughafen Information<\/p>\n\n\n\n<p>Adresse: Enfidha 4000 Tunesien <\/p>\n\n\n\n<p>Tel: + 216 73 103 000<\/p>\n\n\n\n<p><\/p>\n\n\n\n<p><a href=\"https:\/\/enfidhahammametairport.com\/\" data-type=\"link\" data-id=\"https:\/\/enfidhahammametairport.com\/\">Airport Enfidha <\/a><\/p>\n\n\n\n<figure class=\"wp-block-image size-full\"><img loading=\"lazy\" decoding=\"async\" width=\"669\" height=\"446\" src=\"https:\/\/flytunisia.at\/wp-content\/uploads\/2025\/06\/enfidha.jpg\" alt=\"\" class=\"wp-image-137\" srcset=\"https:\/\/flytunisia.at\/wp-content\/uploads\/2025\/06\/enfidha.jpg 669w, https:\/\/flytunisia.at\/wp-content\/uploads\/2025\/06\/enfidha-300x200.jpg 300w\" sizes=\"(max-width: 669px) 100vw, 669px\" \/><\/figure>\n","protected":false},"excerpt":{"rendered":"<p>Flughafen Enfidha-Hammamet \u2013 Moderne Drehscheibe am Golf von Hammamet Der internationale Flughafen Enfidha-Hammamet tr\u00e4gt den IATA-Code NBE und den ICAO-Code DTNH. Er befindet sich in strategisch g\u00fcnstiger Lage am Golf von Hammamet, zwischen den bekannten Urlaubsorten Yasmine Hammamet, Sousse und Port El-Kantaoui. Damit liegt er auch genau zwischen den beiden gro\u00dfen Flugh\u00e4fen Tunis-Carthage und Monastir [&hellip;]<\/p>\n","protected":false},"author":1,"featured_media":0,"parent":0,"menu_order":0,"comment_status":"closed","ping_status":"closed","template":"","meta":{"saved_in_kubio":false,"footnotes":""},"class_list":["post-39","page","type-page","status-publish","hentry"],"kubio_ai_page_context":{"short_desc":"","purpose":"general"},"_links":{"self":[{"href":"https:\/\/flytunisia.at\/index.php?rest_route=\/wp\/v2\/pages\/39","targetHints":{"allow":["GET"]}}],"collection":[{"href":"https:\/\/flytunisia.at\/index.php?rest_route=\/wp\/v2\/pages"}],"about":[{"href":"https:\/\/flytunisia.at\/index.php?rest_route=\/wp\/v2\/types\/page"}],"author":[{"embeddable":true,"href":"https:\/\/flytunisia.at\/index.php?rest_route=\/wp\/v2\/users\/1"}],"replies":[{"embeddable":true,"href":"https:\/\/flytunisia.at\/index.php?rest_route=%2Fwp%2Fv2%2Fcomments&post=39"}],"version-history":[{"count":2,"href":"https:\/\/flytunisia.at\/index.php?rest_route=\/wp\/v2\/pages\/39\/revisions"}],"predecessor-version":[{"id":138,"href":"https:\/\/flytunisia.at\/index.php?rest_route=\/wp\/v2\/pages\/39\/revisions\/138"}],"wp:attachment":[{"href":"https:\/\/flytunisia.at\/index.php?rest_route=%2Fwp%2Fv2%2Fmedia&parent=39"}],"curies":[{"name":"wp","href":"https:\/\/api.w.org\/{rel}","templated":true}]}}