{"id":2,"date":"2025-06-12T05:07:35","date_gmt":"2025-06-12T05:07:35","guid":{"rendered":"https:\/\/flytunisia.at\/?page_id=2"},"modified":"2025-06-20T21:09:45","modified_gmt":"2025-06-20T21:09:45","slug":"sample-page","status":"publish","type":"page","link":"https:\/\/flytunisia.at\/?page_id=2","title":{"rendered":"Home"},"content":{"rendered":"\n<h3 class=\"wp-block-heading\"><strong>FlyTunisia \u2013 Ihre Br\u00fccke zwischen Europa und Tunesien<\/strong><\/h3>\n\n\n\n<p><strong>FlyTunesien<\/strong> ist ein innovatives Charterflugunternehmen, das direkte Verbindungen zwischen Tunesien und den wichtigsten europ\u00e4ischen Destinationen anbietet \u2013 darunter <strong>Wien<\/strong>, <strong>M\u00fcnchen<\/strong> und <strong>Genf<\/strong> nach <strong>Tunis<\/strong>, <strong>Monastir<\/strong>, <strong>Tabarka<\/strong>, <strong>Enfidha<\/strong>, <strong>Djerba<\/strong> und <strong>Tozeur<\/strong>.<\/p>\n\n\n\n<p><strong>Stabile, p\u00fcnktliche und Leistbar<\/strong><\/p>\n\n\n\n<p>FlyTunesien verbindet Menschen, Kulturen und Heimat \u2013 durch direkte, herzliche und verl\u00e4ssliche Flugverbindungen zwischen \u00d6sterreich, Deutschland, der Schweiz und Tunesien.<\/p>\n\n\n\n<p>Unsere Vision ist es, die f\u00fchrende Br\u00fccke zwischen Europa und Tunesien zu werden \u2013 f\u00fcr die tunesische Diaspora, aber auch f\u00fcr alle, die das authentische Tunesien entdecken m\u00f6chten.<\/p>\n\n\n\n<p>Ob Familienbesuch, Urlaubsreise, Gesch\u00e4ftstermin oder kulturelles Abenteuer \u2013<br>FlyTunesien bringt Sie sicher, komfortabel und p\u00fcnktlich ans Ziel<strong>.<\/strong><\/p>\n\n\n\n<p><strong>Ab nach Tunesien \u2013 mit FlyTunsia  2026<\/strong><\/p>\n\n\n\n<p><\/p>\n","protected":false},"excerpt":{"rendered":"<p>FlyTunisia \u2013 Ihre Br\u00fccke zwischen Europa und Tunesien FlyTunesien ist ein innovatives Charterflugunternehmen, das direkte Verbindungen zwischen Tunesien und den wichtigsten europ\u00e4ischen Destinationen anbietet \u2013 darunter Wien, M\u00fcnchen und Genf nach Tunis, Monastir, Tabarka, Enfidha, Djerba und Tozeur. Stabile, p\u00fcnktliche und Leistbar FlyTunesien verbindet Menschen, Kulturen und Heimat \u2013 durch direkte, herzliche und verl\u00e4ssliche Flugverbindungen [&hellip;]<\/p>\n","protected":false},"author":1,"featured_media":0,"parent":0,"menu_order":0,"comment_status":"closed","ping_status":"open","template":"","meta":{"saved_in_kubio":false,"footnotes":""},"class_list":["post-2","page","type-page","status-publish","hentry"],"kubio_ai_page_context":{"short_desc":"","purpose":"general"},"_links":{"self":[{"href":"https:\/\/flytunisia.at\/index.php?rest_route=\/wp\/v2\/pages\/2","targetHints":{"allow":["GET"]}}],"collection":[{"href":"https:\/\/flytunisia.at\/index.php?rest_route=\/wp\/v2\/pages"}],"about":[{"href":"https:\/\/flytunisia.at\/index.php?rest_route=\/wp\/v2\/types\/page"}],"author":[{"embeddable":true,"href":"https:\/\/flytunisia.at\/index.php?rest_route=\/wp\/v2\/users\/1"}],"replies":[{"embeddable":true,"href":"https:\/\/flytunisia.at\/index.php?rest_route=%2Fwp%2Fv2%2Fcomments&post=2"}],"version-history":[{"count":2,"href":"https:\/\/flytunisia.at\/index.php?rest_route=\/wp\/v2\/pages\/2\/revisions"}],"predecessor-version":[{"id":111,"href":"https:\/\/flytunisia.at\/index.php?rest_route=\/wp\/v2\/pages\/2\/revisions\/111"}],"wp:attachment":[{"href":"https:\/\/flytunisia.at\/index.php?rest_route=%2Fwp%2Fv2%2Fmedia&parent=2"}],"curies":[{"name":"wp","href":"https:\/\/api.w.org\/{rel}","templated":true}]}}