{"id":18,"date":"2025-06-20T19:17:36","date_gmt":"2025-06-20T19:17:36","guid":{"rendered":"https:\/\/flytunisia.at\/?page_id=18"},"modified":"2025-06-21T09:52:47","modified_gmt":"2025-06-21T09:52:47","slug":"airport","status":"publish","type":"page","link":"https:\/\/flytunisia.at\/?page_id=18","title":{"rendered":"Airport"},"content":{"rendered":"\n<p><strong>Fly Tunisia \u2013 Pers\u00f6nlicher Service an allen Flugh\u00e4fen<\/strong><\/p>\n\n\n\n<p>Fly Tunisia bietet einen umfassenden <strong>Betreuungsservice f\u00fcr Flugg\u00e4ste<\/strong> an s\u00e4mtlichen Abflugh\u00e4fen, darunter <strong>Wien, M\u00fcnchen, Genf<\/strong> sowie an allen internationalen Flugh\u00e4fen in <strong>Tunesien<\/strong>: <strong>Tunis, Enfidha, Monastir, Djerba, Tozeur und Tabarka<\/strong>.<\/p>\n\n\n\n<p>Unser professionelles Bodenpersonal steht Ihnen <strong>direkt vor Ort<\/strong> zur Verf\u00fcgung und unterst\u00fctzt Sie bei allen Prozessen \u2013 von der <strong>Abfertigung \u00fcber den Check-in bis hin zur pers\u00f6nlichen Beratung<\/strong>. Bei Problemen oder besonderen Anliegen stehen unsere <strong>kompetenten Mitarbeiter jederzeit zur Verf\u00fcgung<\/strong>, um <strong>schnelle und effiziente L\u00f6sungen<\/strong> anzubieten.<\/p>\n\n\n\n<p>Fly Tunisia legt gro\u00dfen Wert auf <strong>Kundenzufriedenheit und individuelle Betreuung<\/strong> \u2013 damit Ihre Reise so angenehm wie m\u00f6glich verl\u00e4uft, bereits am Boden.<\/p>\n","protected":false},"excerpt":{"rendered":"<p>Fly Tunisia \u2013 Pers\u00f6nlicher Service an allen Flugh\u00e4fen Fly Tunisia bietet einen umfassenden Betreuungsservice f\u00fcr Flugg\u00e4ste an s\u00e4mtlichen Abflugh\u00e4fen, darunter Wien, M\u00fcnchen, Genf sowie an allen internationalen Flugh\u00e4fen in Tunesien: Tunis, Enfidha, Monastir, Djerba, Tozeur und Tabarka. Unser professionelles Bodenpersonal steht Ihnen direkt vor Ort zur Verf\u00fcgung und unterst\u00fctzt Sie bei allen Prozessen \u2013 von [&hellip;]<\/p>\n","protected":false},"author":1,"featured_media":0,"parent":0,"menu_order":0,"comment_status":"closed","ping_status":"closed","template":"","meta":{"saved_in_kubio":false,"footnotes":""},"class_list":["post-18","page","type-page","status-publish","hentry"],"kubio_ai_page_context":{"short_desc":"","purpose":"general"},"_links":{"self":[{"href":"https:\/\/flytunisia.at\/index.php?rest_route=\/wp\/v2\/pages\/18","targetHints":{"allow":["GET"]}}],"collection":[{"href":"https:\/\/flytunisia.at\/index.php?rest_route=\/wp\/v2\/pages"}],"about":[{"href":"https:\/\/flytunisia.at\/index.php?rest_route=\/wp\/v2\/types\/page"}],"author":[{"embeddable":true,"href":"https:\/\/flytunisia.at\/index.php?rest_route=\/wp\/v2\/users\/1"}],"replies":[{"embeddable":true,"href":"https:\/\/flytunisia.at\/index.php?rest_route=%2Fwp%2Fv2%2Fcomments&post=18"}],"version-history":[{"count":3,"href":"https:\/\/flytunisia.at\/index.php?rest_route=\/wp\/v2\/pages\/18\/revisions"}],"predecessor-version":[{"id":122,"href":"https:\/\/flytunisia.at\/index.php?rest_route=\/wp\/v2\/pages\/18\/revisions\/122"}],"wp:attachment":[{"href":"https:\/\/flytunisia.at\/index.php?rest_route=%2Fwp%2Fv2%2Fmedia&parent=18"}],"curies":[{"name":"wp","href":"https:\/\/api.w.org\/{rel}","templated":true}]}}