{"id":12,"date":"2025-06-20T19:16:40","date_gmt":"2025-06-20T19:16:40","guid":{"rendered":"https:\/\/flytunisia.at\/?page_id=12"},"modified":"2025-06-25T05:06:57","modified_gmt":"2025-06-25T05:06:57","slug":"destination","status":"publish","type":"page","link":"https:\/\/flytunisia.at\/?page_id=12","title":{"rendered":"Destination"},"content":{"rendered":"\n<h3 class=\"wp-block-heading\">Unsere Destinationen \u2013 Fly Tunisia bringt Sie direkt ans Mittelmeer!<\/h3>\n\n\n\n<p>Entdecken Sie mit <strong>Fly Tunisia<\/strong> die sch\u00f6nsten Orte Tunesiens \u2013 ganz bequem und direkt ab \u00d6sterreich. Ob traumhafte Str\u00e4nde, historische St\u00e4dte oder unber\u00fchrte Natur: Unsere exklusiven Direktfl\u00fcge bringen Sie dorthin, wo Tradition, Sonne und Gastfreundschaft zuhause sind.<\/p>\n\n\n\n<p><strong>Unsere Flugziele in Tunesien:<\/strong><\/p>\n\n\n\n<ul class=\"wp-block-list\">\n<li> <strong>Monastir<\/strong> \u2013 Ihr Tor zur Ostk\u00fcste. Ideal f\u00fcr Strandurlaub, Familienferien und Kulturreisen.<\/li>\n\n\n\n<li> <strong>Djerba<\/strong> \u2013 Die Insel der Tr\u00e4ume. Wei\u00dfe Str\u00e4nde, orientalische M\u00e4rkte und Entspannung pur.<\/li>\n\n\n\n<li> <strong>Tozeur<\/strong> \u2013 Das Tor zur W\u00fcste. Oasen, Palmenhaine und magische Filmkulissen wie \u201eStar Wars\u201c.<\/li>\n\n\n\n<li><strong>Tabarka<\/strong> \u2013 Tunesiens gr\u00fcner Norden. Ber\u00fchmt f\u00fcr Tauchspots, Musikfestivals und frische Meeresluft.<\/li>\n\n\n\n<li> <strong>Tunis<\/strong> \u2013 Die Hauptstadt. Modernes Leben trifft arabische Geschichte, Medina, Museen und Shopping.<\/li>\n\n\n\n<li> <strong>Enfidha<\/strong> \u2013 Zentraler Flughafen f\u00fcr Hotels an der K\u00fcste (z.\u202fB. Hammamet, Sousse, Port El Kantaoui).<\/li>\n<\/ul>\n\n\n\n<p>Mit <strong>Fly Tunisia<\/strong> fliegen Sie stressfrei, bequem und direkt \u2013 perfekt f\u00fcr Urlaub, Familienbesuche oder Gesch\u00e4ftsreisen. Unsere Fl\u00fcge sind abgestimmt auf Ihre Bed\u00fcrfnisse: kurze Wege, verl\u00e4sslicher Service und beste Preise.<\/p>\n\n\n\n<p><\/p>\n","protected":false},"excerpt":{"rendered":"<p>Unsere Destinationen \u2013 Fly Tunisia bringt Sie direkt ans Mittelmeer! Entdecken Sie mit Fly Tunisia die sch\u00f6nsten Orte Tunesiens \u2013 ganz bequem und direkt ab \u00d6sterreich. Ob traumhafte Str\u00e4nde, historische St\u00e4dte oder unber\u00fchrte Natur: Unsere exklusiven Direktfl\u00fcge bringen Sie dorthin, wo Tradition, Sonne und Gastfreundschaft zuhause sind. Unsere Flugziele in Tunesien: Mit Fly Tunisia fliegen [&hellip;]<\/p>\n","protected":false},"author":1,"featured_media":0,"parent":0,"menu_order":0,"comment_status":"closed","ping_status":"closed","template":"","meta":{"saved_in_kubio":false,"footnotes":""},"class_list":["post-12","page","type-page","status-publish","hentry"],"kubio_ai_page_context":{"short_desc":"","purpose":"general"},"_links":{"self":[{"href":"https:\/\/flytunisia.at\/index.php?rest_route=\/wp\/v2\/pages\/12","targetHints":{"allow":["GET"]}}],"collection":[{"href":"https:\/\/flytunisia.at\/index.php?rest_route=\/wp\/v2\/pages"}],"about":[{"href":"https:\/\/flytunisia.at\/index.php?rest_route=\/wp\/v2\/types\/page"}],"author":[{"embeddable":true,"href":"https:\/\/flytunisia.at\/index.php?rest_route=\/wp\/v2\/users\/1"}],"replies":[{"embeddable":true,"href":"https:\/\/flytunisia.at\/index.php?rest_route=%2Fwp%2Fv2%2Fcomments&post=12"}],"version-history":[{"count":2,"href":"https:\/\/flytunisia.at\/index.php?rest_route=\/wp\/v2\/pages\/12\/revisions"}],"predecessor-version":[{"id":375,"href":"https:\/\/flytunisia.at\/index.php?rest_route=\/wp\/v2\/pages\/12\/revisions\/375"}],"wp:attachment":[{"href":"https:\/\/flytunisia.at\/index.php?rest_route=%2Fwp%2Fv2%2Fmedia&parent=12"}],"curies":[{"name":"wp","href":"https:\/\/api.w.org\/{rel}","templated":true}]}}