{"id":101,"date":"2025-06-20T19:40:07","date_gmt":"2025-06-20T19:40:07","guid":{"rendered":"https:\/\/flytunisia.at\/?page_id=101"},"modified":"2025-06-26T13:09:16","modified_gmt":"2025-06-26T13:09:16","slug":"silber-card","status":"publish","type":"page","link":"https:\/\/flytunisia.at\/?page_id=101","title":{"rendered":"Silber Card"},"content":{"rendered":"\n<p>Mit der&nbsp;<strong>FLYCARD<\/strong>&nbsp;bietet FlyTunisian seinen treuen Kundinnen und Kunden ein attraktives&nbsp;<strong>Vorteilsprogramm<\/strong>&nbsp;f\u00fcr Vielflieger und regelm\u00e4\u00dfige Reisende. Ob f\u00fcr private Reisen oder Familienbesuche \u2013 wer h\u00e4ufiger mit FlyTunisian fliegt, profitiert automatisch von exklusiven Services und Verg\u00fcnstigungen.<\/p>\n\n\n\n<h4 class=\"wp-block-heading has-black-color has-text-color has-link-color has-large-font-size wp-elements-0bc41a0c593a3b253eda66f06e8c7bda\"><strong>SILVER FLYCARD&nbsp;\u2013 F\u00fcr Vielflieger ab 4 Reisen\/Jahr<\/strong><\/h4>\n\n\n\n<p><strong>Voraussetzung:<\/strong> Maximal 4 Fl\u00fcge pro Kalenderjahr. Weitere Fl\u00fcge im selben Jahr mit <strong>bis zu 20\u202f% Erm\u00e4\u00dfigung<\/strong> bei FlyTunisian.<br><strong>Vorteile:<\/strong><\/p>\n\n\n\n<ul class=\"wp-block-list\">\n<li>Automatische Mitgliedschaft im FLYCARD-Club<\/li>\n\n\n\n<li><strong>Bis zu 20\u202f% Rabatt<\/strong>&nbsp;auf zuk\u00fcnftige Buchungen<\/li>\n\n\n\n<li><strong>Erweitertes Freigep\u00e4ck<\/strong>&nbsp;bis zu&nbsp;<strong>30\u201340 kg<\/strong><\/li>\n\n\n\n<li>Vorrang beim Check-in (Priority Line)<\/li>\n\n\n\n<li>Exklusive Angebote und Sonderaktionen<\/li>\n\n\n\n<li class=\"has-vivid-red-color has-text-color has-link-color wp-elements-85bf82845a60b90a381ed264adcfe8cc\"><strong>Mitgliedschaft: 999 \u20ac<\/strong><\/li>\n<\/ul>\n\n\n<div class=\"wpforms-container wpforms-container-full wpforms-block wpforms-block-6b548153-6930-49a5-89ce-b91326afea92 wpforms-render-modern\" id=\"wpforms-405\"><form id=\"wpforms-form-405\" class=\"wpforms-validate wpforms-form wpforms-ajax-form\" data-formid=\"405\" method=\"post\" enctype=\"multipart\/form-data\" action=\"\/index.php?rest_route=%2Fwp%2Fv2%2Fpages%2F101\" data-token=\"d01e143d35170f36304880ffede5eb09\" data-token-time=\"1775392711\"><noscript class=\"wpforms-error-noscript\">Bitte aktiviere JavaScript in deinem Browser, um dieses Formular fertigzustellen.<\/noscript><div class=\"wpforms-hidden\" id=\"wpforms-error-noscript\">Bitte aktiviere JavaScript in deinem Browser, um dieses Formular fertigzustellen.<\/div><div class=\"wpforms-field-container\">\t\t<div id=\"wpforms-405-field_7-container\"\n\t\t\tclass=\"wpforms-field wpforms-field-text\"\n\t\t\tdata-field-type=\"text\"\n\t\t\tdata-field-id=\"7\"\n\t\t\t>\n\t\t\t<label class=\"wpforms-field-label\" for=\"wpforms-405-field_7\" >Adresse Beruf Card<\/label>\n\t\t\t<input type=\"text\" id=\"wpforms-405-field_7\" class=\"wpforms-field-medium\" name=\"wpforms[fields][7]\" >\n\t\t<\/div>\n\t\t<div id=\"wpforms-405-field_1-container\" class=\"wpforms-field wpforms-field-name\" data-field-id=\"1\"><fieldset><legend class=\"wpforms-field-label\">Name <span class=\"wpforms-required-label\" aria-hidden=\"true\">*<\/span><\/legend><div class=\"wpforms-field-row wpforms-field-medium\"><div class=\"wpforms-field-row-block wpforms-first wpforms-one-half\"><input type=\"text\" id=\"wpforms-405-field_1\" class=\"wpforms-field-name-first wpforms-field-required\" name=\"wpforms[fields][1][first]\" aria-errormessage=\"wpforms-405-field_1-error\" required><label for=\"wpforms-405-field_1\" class=\"wpforms-field-sublabel after\">Vorname<\/label><\/div><div class=\"wpforms-field-row-block wpforms-one-half\"><input type=\"text\" id=\"wpforms-405-field_1-last\" class=\"wpforms-field-name-last wpforms-field-required\" name=\"wpforms[fields][1][last]\" aria-errormessage=\"wpforms-405-field_1-last-error\" required><label for=\"wpforms-405-field_1-last\" class=\"wpforms-field-sublabel after\">Nachname<\/label><\/div><\/div><\/fieldset><\/div><div id=\"wpforms-405-field_2-container\" class=\"wpforms-field wpforms-field-email\" data-field-id=\"2\"><label class=\"wpforms-field-label\" for=\"wpforms-405-field_2\">E-Mail-Adresse <span class=\"wpforms-required-label\" aria-hidden=\"true\">*<\/span><\/label><input type=\"email\" id=\"wpforms-405-field_2\" class=\"wpforms-field-medium wpforms-field-required\" name=\"wpforms[fields][2]\" spellcheck=\"false\" aria-errormessage=\"wpforms-405-field_2-error\" required><\/div><div id=\"wpforms-405-field_6-container\" class=\"wpforms-field wpforms-field-phone\" data-field-id=\"6\"><label class=\"wpforms-field-label\" for=\"wpforms-405-field_6\">Telefonnummer<\/label><input type=\"tel\" id=\"wpforms-405-field_6\" class=\"wpforms-field-medium wpforms-smart-phone-field\" data-rule-smart-phone-field=\"true\" name=\"wpforms[fields][6]\" aria-label=\"Telefonnummer\" aria-errormessage=\"wpforms-405-field_6-error\" ><\/div><div id=\"wpforms-405-field_3-container\" class=\"wpforms-field wpforms-field-address\" data-field-id=\"3\"><fieldset><legend class=\"wpforms-field-label\">Adresse<\/legend><div class=\"wpforms-field-row wpforms-field-medium\"><div ><input type=\"text\" id=\"wpforms-405-field_3\" class=\"wpforms-field-address-address1\" name=\"wpforms[fields][3][address1]\" aria-errormessage=\"wpforms-405-field_3-error\" ><label for=\"wpforms-405-field_3\" class=\"wpforms-field-sublabel after\">Adresse Zeile 1<\/label><\/div><\/div><div class=\"wpforms-field-row wpforms-field-medium\"><div ><input type=\"text\" id=\"wpforms-405-field_3-address2\" class=\"wpforms-field-address-address2\" name=\"wpforms[fields][3][address2]\" aria-errormessage=\"wpforms-405-field_3-address2-error\" ><label for=\"wpforms-405-field_3-address2\" class=\"wpforms-field-sublabel after\">Anschrift Zusatz<\/label><\/div><\/div><div class=\"wpforms-field-row wpforms-field-medium\"><div class=\"wpforms-field-row-block wpforms-one-half wpforms-first\"><input type=\"text\" id=\"wpforms-405-field_3-city\" class=\"wpforms-field-address-city\" name=\"wpforms[fields][3][city]\" aria-errormessage=\"wpforms-405-field_3-city-error\" ><label for=\"wpforms-405-field_3-city\" class=\"wpforms-field-sublabel after\">Stadt<\/label><\/div><div class=\"wpforms-field-row-block wpforms-one-half\"><select id=\"wpforms-405-field_3-state\" class=\"wpforms-field-address-state\" name=\"wpforms[fields][3][state]\" aria-errormessage=\"wpforms-405-field_3-state-error\" ><option class=\"placeholder\" value=\"\" selected disabled>&#8212; W\u00e4hle state &#8212;<\/option><option value=\"AL\" >Alabama<\/option><option value=\"AK\" >Alaska<\/option><option value=\"AZ\" >Arizona<\/option><option value=\"AR\" >Arkansas<\/option><option value=\"CA\" >Kalifornien<\/option><option value=\"CO\" >Colorado<\/option><option value=\"CT\" >Connecticut<\/option><option value=\"DE\" >Delaware<\/option><option value=\"DC\" >Washington, D.C.<\/option><option value=\"FL\" >Florida<\/option><option value=\"GA\" >Georgia<\/option><option value=\"HI\" >Hawaii<\/option><option value=\"ID\" >Idaho<\/option><option value=\"IL\" >Illinois<\/option><option value=\"IN\" >Indiana<\/option><option value=\"IA\" >Iowa<\/option><option value=\"KS\" >Kansas<\/option><option value=\"KY\" >Kentucky<\/option><option value=\"LA\" >Louisiana<\/option><option value=\"ME\" >Maine<\/option><option value=\"MD\" >Maryland<\/option><option value=\"MA\" >Massachusetts<\/option><option value=\"MI\" >Michigan<\/option><option value=\"MN\" >Minnesota<\/option><option value=\"MS\" >Mississippi<\/option><option value=\"MO\" >Missouri<\/option><option value=\"MT\" >Montana<\/option><option value=\"NE\" >Nebraska<\/option><option value=\"NV\" >Nevada<\/option><option value=\"NH\" >New Hampshire<\/option><option value=\"NJ\" >New Jersey<\/option><option value=\"NM\" >New Mexico<\/option><option value=\"NY\" >New York<\/option><option value=\"NC\" >North Carolina<\/option><option value=\"ND\" >North Dakota<\/option><option value=\"OH\" >Ohio<\/option><option value=\"OK\" >Oklahoma<\/option><option value=\"OR\" >Oregon<\/option><option value=\"PA\" >Pennsylvania<\/option><option value=\"RI\" >Rhode Island<\/option><option value=\"SC\" >South Carolina<\/option><option value=\"SD\" >South Dakota<\/option><option value=\"TN\" >Tennessee<\/option><option value=\"TX\" >Texas<\/option><option value=\"UT\" >Utah<\/option><option value=\"VT\" >Vermont<\/option><option value=\"VA\" >Virginia<\/option><option value=\"WA\" >Washington<\/option><option value=\"WV\" >West Virginia<\/option><option value=\"WI\" >Wisconsin<\/option><option value=\"WY\" >Wyoming<\/option><\/select><label for=\"wpforms-405-field_3-state\" class=\"wpforms-field-sublabel after\">Bundesland<\/label><\/div><\/div><div class=\"wpforms-field-row wpforms-field-medium\"><div class=\"wpforms-field-row-block wpforms-one-half wpforms-first\"><input type=\"text\" id=\"wpforms-405-field_3-postal\" class=\"wpforms-field-address-postal wpforms-masked-input\" data-inputmask-mask=\"(99999)|(99999-9999)\" data-inputmask-keepstatic=\"true\" data-rule-inputmask-incomplete=\"1\" name=\"wpforms[fields][3][postal]\" aria-errormessage=\"wpforms-405-field_3-postal-error\" ><label for=\"wpforms-405-field_3-postal\" class=\"wpforms-field-sublabel after\">Postleitzahl<\/label><\/div><\/div><\/fieldset><\/div><div id=\"wpforms-405-field_4-container\" class=\"wpforms-field wpforms-field-checkbox\" data-field-id=\"4\"><fieldset><legend class=\"wpforms-field-label\">Club Card<\/legend><ul id=\"wpforms-405-field_4\"><li class=\"choice-1 depth-1\"><input type=\"checkbox\" id=\"wpforms-405-field_4_1\" name=\"wpforms[fields][4][]\" value=\"Silber Card\" aria-errormessage=\"wpforms-405-field_4_1-error\"  ><label class=\"wpforms-field-label-inline\" for=\"wpforms-405-field_4_1\">Silber Card<\/label><\/li><li class=\"choice-2 depth-1\"><input type=\"checkbox\" id=\"wpforms-405-field_4_2\" name=\"wpforms[fields][4][]\" value=\"Gold Card\" aria-errormessage=\"wpforms-405-field_4_2-error\"  ><label class=\"wpforms-field-label-inline\" for=\"wpforms-405-field_4_2\">Gold Card<\/label><\/li><li class=\"choice-3 depth-1\"><input type=\"checkbox\" id=\"wpforms-405-field_4_3\" name=\"wpforms[fields][4][]\" value=\"Business Card\" aria-errormessage=\"wpforms-405-field_4_3-error\"  ><label class=\"wpforms-field-label-inline\" for=\"wpforms-405-field_4_3\">Business Card<\/label><\/li><\/ul><\/fieldset><\/div><div id=\"wpforms-405-field_5-container\" class=\"wpforms-field wpforms-field-text\" data-field-id=\"5\"><label class=\"wpforms-field-label\" for=\"wpforms-405-field_5\">Beruf<\/label><input type=\"text\" id=\"wpforms-405-field_5\" class=\"wpforms-field-medium\" name=\"wpforms[fields][5]\" aria-errormessage=\"wpforms-405-field_5-error\" ><\/div><script>\n\t\t\t\t( function() {\n\t\t\t\t\tconst style = document.createElement( 'style' );\n\t\t\t\t\tstyle.appendChild( document.createTextNode( '#wpforms-405-field_7-container { position: absolute !important; overflow: hidden !important; display: inline !important; height: 1px !important; width: 1px !important; z-index: -1000 !important; padding: 0 !important; } #wpforms-405-field_7-container input { visibility: hidden; } #wpforms-conversational-form-page #wpforms-405-field_7-container label { counter-increment: none; }' ) );\n\t\t\t\t\tdocument.head.appendChild( style );\n\t\t\t\t\tdocument.currentScript?.remove();\n\t\t\t\t} )();\n\t\t\t<\/script><\/div><!-- .wpforms-field-container --><div class=\"wpforms-submit-container\" ><input type=\"hidden\" name=\"wpforms[id]\" value=\"405\"><input type=\"hidden\" name=\"page_title\" value=\"\"><input type=\"hidden\" name=\"page_url\" value=\"https:\/\/flytunisia.at\/index.php?rest_route=\/wp\/v2\/pages\/101\"><input type=\"hidden\" name=\"url_referer\" value=\"\"><button type=\"submit\" name=\"wpforms[submit]\" id=\"wpforms-submit-405\" class=\"wpforms-submit\" data-alt-text=\"Sending...\" data-submit-text=\"Submit\" aria-live=\"assertive\" value=\"wpforms-submit\">Submit<\/button><img loading=\"lazy\" decoding=\"async\" src=\"https:\/\/flytunisia.at\/wp-content\/plugins\/wpforms\/assets\/images\/submit-spin.svg\" class=\"wpforms-submit-spinner\" style=\"display: none;\" width=\"26\" height=\"26\" alt=\"Wird geladen\"><\/div><\/form><\/div>  <!-- .wpforms-container -->","protected":false},"excerpt":{"rendered":"<p>Mit der&nbsp;FLYCARD&nbsp;bietet FlyTunisian seinen treuen Kundinnen und Kunden ein attraktives&nbsp;Vorteilsprogramm&nbsp;f\u00fcr Vielflieger und regelm\u00e4\u00dfige Reisende. Ob f\u00fcr private Reisen oder Familienbesuche \u2013 wer h\u00e4ufiger mit FlyTunisian fliegt, profitiert automatisch von exklusiven Services und Verg\u00fcnstigungen. SILVER FLYCARD&nbsp;\u2013 F\u00fcr Vielflieger ab 4 Reisen\/Jahr Voraussetzung: Maximal 4 Fl\u00fcge pro Kalenderjahr. Weitere Fl\u00fcge im selben Jahr mit bis zu 20\u202f% [&hellip;]<\/p>\n","protected":false},"author":1,"featured_media":0,"parent":0,"menu_order":0,"comment_status":"closed","ping_status":"closed","template":"","meta":{"saved_in_kubio":false,"footnotes":""},"class_list":["post-101","page","type-page","status-publish","hentry"],"kubio_ai_page_context":{"short_desc":"","purpose":"general"},"_links":{"self":[{"href":"https:\/\/flytunisia.at\/index.php?rest_route=\/wp\/v2\/pages\/101","targetHints":{"allow":["GET"]}}],"collection":[{"href":"https:\/\/flytunisia.at\/index.php?rest_route=\/wp\/v2\/pages"}],"about":[{"href":"https:\/\/flytunisia.at\/index.php?rest_route=\/wp\/v2\/types\/page"}],"author":[{"embeddable":true,"href":"https:\/\/flytunisia.at\/index.php?rest_route=\/wp\/v2\/users\/1"}],"replies":[{"embeddable":true,"href":"https:\/\/flytunisia.at\/index.php?rest_route=%2Fwp%2Fv2%2Fcomments&post=101"}],"version-history":[{"count":8,"href":"https:\/\/flytunisia.at\/index.php?rest_route=\/wp\/v2\/pages\/101\/revisions"}],"predecessor-version":[{"id":412,"href":"https:\/\/flytunisia.at\/index.php?rest_route=\/wp\/v2\/pages\/101\/revisions\/412"}],"wp:attachment":[{"href":"https:\/\/flytunisia.at\/index.php?rest_route=%2Fwp%2Fv2%2Fmedia&parent=101"}],"curies":[{"name":"wp","href":"https:\/\/api.w.org\/{rel}","templated":true}]}}