{"id":10,"date":"2025-06-20T19:15:43","date_gmt":"2025-06-20T19:15:43","guid":{"rendered":"https:\/\/flytunisia.at\/?page_id=10"},"modified":"2025-06-27T08:50:30","modified_gmt":"2025-06-27T08:50:30","slug":"flytunisia","status":"publish","type":"page","link":"https:\/\/flytunisia.at\/?page_id=10","title":{"rendered":"FlyTunisia"},"content":{"rendered":"\n<figure class=\"wp-block-image size-large is-resized\"><img loading=\"lazy\" decoding=\"async\" width=\"1024\" height=\"376\" src=\"https:\/\/flytunisia.at\/wp-content\/uploads\/2025\/06\/flytunisia-logo-1024x376.jpg\" alt=\"\" class=\"wp-image-143\" style=\"width:199px;height:auto\" srcset=\"https:\/\/flytunisia.at\/wp-content\/uploads\/2025\/06\/flytunisia-logo-1024x376.jpg 1024w, https:\/\/flytunisia.at\/wp-content\/uploads\/2025\/06\/flytunisia-logo-300x110.jpg 300w, https:\/\/flytunisia.at\/wp-content\/uploads\/2025\/06\/flytunisia-logo-768x282.jpg 768w, https:\/\/flytunisia.at\/wp-content\/uploads\/2025\/06\/flytunisia-logo-1536x564.jpg 1536w, https:\/\/flytunisia.at\/wp-content\/uploads\/2025\/06\/flytunisia-logo.jpg 1716w\" sizes=\"(max-width: 1024px) 100vw, 1024px\" \/><\/figure>\n\n\n\n<p><strong>FlyTunesien<\/strong><strong> \u2013 Die neue Flugbr\u00fccke zwischen \u00d6sterreich &amp; <\/strong><strong>Tunesien<\/strong><\/p>\n\n\n\n<p><strong>1. Executive Summary<\/strong><\/p>\n\n\n\n<p><strong>FlyTunesien<\/strong> ist ein spezialisiertes Charterflug-Konzept, das Direktverbindungen zwischen <strong>\u00d6sterreich<\/strong> und den beliebtesten Reisezielen in <strong>Tunesien<\/strong> anbietet.<\/p>\n\n\n\n<p>Die Fl\u00fcge werden in Zusammenarbeit mit zertifizierten ACMI\/Wet-Lease-Airlines durchgef\u00fchrt und richten sich an:<\/p>\n\n\n\n<p>\u2022Familienbesucher (Tunesier:innen in \u00d6sterreich)<\/p>\n\n\n\n<p>\u2022Urlauber aus \u00d6sterreich<\/p>\n\n\n\n<p>\u2022Reisegruppen und Seniorenreisen<\/p>\n\n\n\n<p>\u2022Veranstalter von Rundreisen und Bildungsreisen<\/p>\n\n\n\n<p>\u2022Kulturelle &amp; wirtschaftliche Austauschinitiativen<\/p>\n\n\n\n<p><strong>\u201e<\/strong><strong>FlyTunesien<\/strong><strong> \u2013 Dein Flug in die Heimat. Einfach, direkt, <\/strong><strong>menschlich<\/strong><\/p>\n\n\n\n<p><strong>Vorteile von <\/strong><strong>FlyTunesien<\/strong><\/p>\n\n\n\n<p>\u2705 Direktfl\u00fcge ohne Umstieg<\/p>\n\n\n\n<p>\u2705 Fl\u00fcge zu beliebten touristischen &amp; famili\u00e4ren Zielen<\/p>\n\n\n\n<p>\u2705 Bilinguales Servicepersonal (Deutsch, Arabisch, Franz\u00f6sisch)<\/p>\n\n\n\n<p>\u2705 Bequeme Buchung \u00fcber Reiseb\u00fcros und Online-Plattform<\/p>\n\n\n\n<p>\u2705 Kultur- und Familienfreundlichkeit als Markenkern<\/p>\n\n\n\n<p><strong>Vision von <\/strong><strong>FlyTunisia<\/strong><\/p>\n\n\n\n<p>\u201eFlyTunisia verbindet Menschen, Kulturen und Heimat \u2013 durch direkte, verl\u00e4ssliche und herzliche Flugverbindungen zwischen \u00d6sterreich, Deutschland, Schweiz und Tunesien.\u201c<\/p>\n\n\n\n<p><strong>Unsere <\/strong><strong>Vision<\/strong><\/p>\n\n\n\n<p>FlyTunesien verfolgt die Vision, die f\u00fchrende Br\u00fccke zwischen \u00d6sterreich und Tunesien zu werden \u2013 f\u00fcr die tunesische Diaspora ebenso wie f\u00fcr Reisende, die das authentische Tunesien entdecken m\u00f6chten.<\/p>\n\n\n\n<p>Wir sind mehr als ein reines Transportmittel:<\/p>\n\n\n\n<p>Wir schaffen Verbindungen, Vertrauen und ein Gef\u00fchl von Zuhause in der Luft \u2013 f\u00fcr Familien, Kulturliebhaber, Urlauber und Unternehmer gleicherma\u00dfen.<\/p>\n\n\n\n<p>FlyTunisia ist ein innovatives Luftfahrtunternehmen, das sich auf Charterfl\u00fcge zwischen Tunesien und den wichtigsten europ\u00e4ischen L\u00e4ndern, mit besonderem Fokus auf \u00d6sterreich, spezialisiert hat.<\/p>\n\n\n\n<p><strong>Warum <\/strong><strong>FlyTunisia<\/strong><strong>?<\/strong><\/p>\n\n\n\n<p>Aufgrund der hohen Nachfrage nach zuverl\u00e4ssigen Flugverbindungen und des gleichzeitig unzureichenden Angebots durch bestehende Airlines , positioniert sich FlyTunisia als moderne, serviceorientierte Alternative mit dem Ziel:<\/p>\n\n\n\n<p>\u2022&nbsp; Stabile, p\u00fcnktliche und kundenfreundliche Flugverbindungen<\/p>\n\n\n\n<p>\u2022&nbsp; Qualit\u00e4t statt Kompromisse<\/p>\n\n\n\n<p>\u2022&nbsp; Ein neues Kapitel f\u00fcr Nordafrika als Tor zu Europa<\/p>\n\n\n\n<p><strong>Unsere Leitziele:<\/strong><\/p>\n\n\n\n<p>Direkte Verbindungen schaffen zwischen Herzen, Familien und Heimatorten.<\/p>\n\n\n\n<p>Charterfl\u00fcge zug\u00e4nglich machen \u2013 f\u00fcr alle Generationen, unabh\u00e4ngig vom Budget.<\/p>\n\n\n\n<p>Eine emotionale Marke aufbauen, die Vertrauen in der Community genie\u00dft.<\/p>\n\n\n\n<p>Br\u00fccken der Integration und des Austauschs zwischen Europa und Nordafrika f\u00f6rdern. Nachhaltige Partnerschaften mit Reiseveranstaltern, Gemeinden und Flugh\u00e4fen etablieren<\/p>\n","protected":false},"excerpt":{"rendered":"<p>FlyTunesien \u2013 Die neue Flugbr\u00fccke zwischen \u00d6sterreich &amp; Tunesien 1. Executive Summary FlyTunesien ist ein spezialisiertes Charterflug-Konzept, das Direktverbindungen zwischen \u00d6sterreich und den beliebtesten Reisezielen in Tunesien anbietet. Die Fl\u00fcge werden in Zusammenarbeit mit zertifizierten ACMI\/Wet-Lease-Airlines durchgef\u00fchrt und richten sich an: \u2022Familienbesucher (Tunesier:innen in \u00d6sterreich) \u2022Urlauber aus \u00d6sterreich \u2022Reisegruppen und Seniorenreisen \u2022Veranstalter von Rundreisen und [&hellip;]<\/p>\n","protected":false},"author":1,"featured_media":0,"parent":0,"menu_order":0,"comment_status":"closed","ping_status":"closed","template":"","meta":{"saved_in_kubio":false,"footnotes":""},"class_list":["post-10","page","type-page","status-publish","hentry"],"kubio_ai_page_context":{"short_desc":"","purpose":"general"},"_links":{"self":[{"href":"https:\/\/flytunisia.at\/index.php?rest_route=\/wp\/v2\/pages\/10","targetHints":{"allow":["GET"]}}],"collection":[{"href":"https:\/\/flytunisia.at\/index.php?rest_route=\/wp\/v2\/pages"}],"about":[{"href":"https:\/\/flytunisia.at\/index.php?rest_route=\/wp\/v2\/types\/page"}],"author":[{"embeddable":true,"href":"https:\/\/flytunisia.at\/index.php?rest_route=\/wp\/v2\/users\/1"}],"replies":[{"embeddable":true,"href":"https:\/\/flytunisia.at\/index.php?rest_route=%2Fwp%2Fv2%2Fcomments&post=10"}],"version-history":[{"count":7,"href":"https:\/\/flytunisia.at\/index.php?rest_route=\/wp\/v2\/pages\/10\/revisions"}],"predecessor-version":[{"id":482,"href":"https:\/\/flytunisia.at\/index.php?rest_route=\/wp\/v2\/pages\/10\/revisions\/482"}],"wp:attachment":[{"href":"https:\/\/flytunisia.at\/index.php?rest_route=%2Fwp%2Fv2%2Fmedia&parent=10"}],"curies":[{"name":"wp","href":"https:\/\/api.w.org\/{rel}","templated":true}]}}